{"id":568,"date":"2022-12-15T04:47:02","date_gmt":"2022-12-15T04:47:02","guid":{"rendered":"https:\/\/aprilfortier.ca\/?page_id=568"},"modified":"2024-09-17T17:58:11","modified_gmt":"2024-09-17T17:58:11","slug":"contact-us","status":"publish","type":"page","link":"https:\/\/april-fortier.com\/en\/contact-us\/","title":{"rendered":"Contact us"},"content":{"rendered":"<p>[et_pb_section fb_built=&#8221;1&#8243; _builder_version=&#8221;4.17.6&#8243; _module_preset=&#8221;default&#8221; background_image=&#8221;https:\/\/aprilfortier.ca\/wp-content\/uploads\/2022\/12\/bannieres-internes-01.jpg&#8221; background_position=&#8221;bottom_center&#8221; background_vertical_offset=&#8221;0%&#8221; custom_margin=&#8221;||||false|false&#8221; custom_padding=&#8221;220px||100px||false|false&#8221; global_colors_info=&#8221;{}&#8221;][et_pb_row _builder_version=&#8221;4.17.6&#8243; _module_preset=&#8221;default&#8221; custom_margin=&#8221;||||false|false&#8221; custom_padding=&#8221;||||false|false&#8221; global_colors_info=&#8221;{}&#8221;][et_pb_column type=&#8221;4_4&#8243; _builder_version=&#8221;4.17.6&#8243; _module_preset=&#8221;default&#8221; global_colors_info=&#8221;{}&#8221;][et_pb_text _builder_version=&#8221;4.17.6&#8243; _module_preset=&#8221;default&#8221; header_2_font=&#8221;|700|||||||&#8221; header_2_text_align=&#8221;center&#8221; header_2_text_color=&#8221;#FFFFFF&#8221; header_2_font_size=&#8221;42px&#8221; custom_margin=&#8221;||||false|false&#8221; custom_padding=&#8221;||||false|false&#8221; header_2_text_shadow_style=&#8221;preset1&#8243; global_colors_info=&#8221;{}&#8221;]<\/p>\n<h2>Contact us<\/h2>\n<p>[\/et_pb_text][\/et_pb_column][\/et_pb_row][\/et_pb_section][et_pb_section fb_built=&#8221;1&#8243; _builder_version=&#8221;4.17.6&#8243; _module_preset=&#8221;default&#8221; custom_padding=&#8221;2px||50px|||&#8221; global_colors_info=&#8221;{}&#8221;][et_pb_row column_structure=&#8221;2_5,3_5&#8243; use_custom_gutter=&#8221;on&#8221; gutter_width=&#8221;2&#8243; make_equal=&#8221;on&#8221; _builder_version=&#8221;4.17.6&#8243; _module_preset=&#8221;default&#8221; width=&#8221;100%&#8221; custom_padding=&#8221;90px||||false|false&#8221; global_colors_info=&#8221;{}&#8221;][et_pb_column type=&#8221;2_5&#8243; _builder_version=&#8221;4.17.6&#8243; _module_preset=&#8221;default&#8221; global_colors_info=&#8221;{}&#8221;][et_pb_text _builder_version=&#8221;4.17.6&#8243; _module_preset=&#8221;default&#8221; text_font_size=&#8221;15px&#8221; text_line_height=&#8221;1.5em&#8221; header_2_font=&#8221;|700|||||||&#8221; header_2_text_color=&#8221;#093b7c&#8221; header_2_font_size=&#8221;24px&#8221; header_3_font=&#8221;|800|||||||&#8221; header_3_text_color=&#8221;#093b7c&#8221; header_3_font_size=&#8221;23px&#8221; header_4_text_color=&#8221;#093b7c&#8221; global_colors_info=&#8221;{}&#8221;]<\/p>\n<h4><strong>Coll\u00e8ge April-Fortier<\/strong><\/h4>\n<p>1001, rue Sherbrooke Est, bureau 350<br \/>Montr\u00e9al (Qu\u00e9bec)<br \/>H2L 1L3<\/p>\n<h4><strong>Phone number<\/strong><\/h4>\n<p>514 878-1414<\/p>\n<h4><strong>Outisde the Montreal area<\/strong><\/h4>\n<p>1 888 878-1414<\/p>\n<h4><strong>Fax number<\/strong><\/h4>\n<p>514 521-5298<\/p>\n<h4><strong>E-mail address<\/strong><\/h4>\n<p><a class=\"wiki\" href=\"mailto:info@aprilfortier.ca\">info@aprilfortier.ca<\/a><\/p>\n<p>[\/et_pb_text][\/et_pb_column][et_pb_column type=&#8221;3_5&#8243; _builder_version=&#8221;4.17.6&#8243; _module_preset=&#8221;default&#8221; background_enable_image=&#8221;off&#8221; custom_padding=&#8221;|0px||0px|false|false&#8221; global_colors_info=&#8221;{}&#8221;][et_pb_text _builder_version=&#8221;4.17.6&#8243; _module_preset=&#8221;default&#8221; header_text_align=&#8221;center&#8221; header_3_font=&#8221;|700|||||||&#8221; header_3_text_align=&#8221;center&#8221; header_3_text_color=&#8221;#093b7c&#8221; global_colors_info=&#8221;{}&#8221;]<\/p>\n<h3 class=\"gform_title\" style=\"text-align: left;\">Contact us<\/h3>\n<p>&nbsp;<\/p>\n<p>[\/et_pb_text][et_pb_code _builder_version=&#8221;4.27.0&#8243; _module_preset=&#8221;default&#8221; hover_enabled=&#8221;0&#8243; global_colors_info=&#8221;{}&#8221; sticky_enabled=&#8221;0&#8243;]<\/p>\n<div id=\"zf_div_1pgQ9bpSSs55yc3tCRjvJYqcWTqB4XLxe02iu10iWD0\"><\/div>\n<p><script type=\"text\/javascript\">(function() {<!-- [et_pb_line_break_holder] -->try{<!-- [et_pb_line_break_holder] -->var f = document.createElement(\"iframe\");<!-- [et_pb_line_break_holder] -->f.src = 'https:\/\/forms.zohopublic.com\/collgeaprilfortier\/form\/ContactusEN\/formperma\/1pgQ9bpSSs55yc3tCRjvJYqcWTqB4XLxe02iu10iWD0?zf_rszfm=1';<!-- [et_pb_line_break_holder] -->f.style.border=\"none\";<!-- [et_pb_line_break_holder] -->f.style.height=\"620px\";<!-- [et_pb_line_break_holder] -->f.style.width=\"90%\";<!-- [et_pb_line_break_holder] -->f.style.transition=\"all 0.5s ease\";<!-- [et_pb_line_break_holder] -->f.setAttribute(\"aria-label\", 'Contact\\x20us\\x20\\x2D\\x20EN');<!-- [et_pb_line_break_holder] --><!-- [et_pb_line_break_holder] -->var d = document.getElementById(\"zf_div_1pgQ9bpSSs55yc3tCRjvJYqcWTqB4XLxe02iu10iWD0\");<!-- [et_pb_line_break_holder] -->d.appendChild(f);<!-- [et_pb_line_break_holder] -->window.addEventListener('message', function (){<!-- [et_pb_line_break_holder] -->var evntData = event.data;<!-- [et_pb_line_break_holder] -->if( evntData && evntData.constructor == String ){<!-- [et_pb_line_break_holder] -->var zf_ifrm_data = evntData.split(\"|\");<!-- [et_pb_line_break_holder] -->if ( zf_ifrm_data.length == 2 || zf_ifrm_data.length == 3 ) {<!-- [et_pb_line_break_holder] -->var zf_perma = zf_ifrm_data[0];<!-- [et_pb_line_break_holder] -->var zf_ifrm_ht_nw = ( parseInt(zf_ifrm_data[1], 10) + 15 ) + \"px\";<!-- [et_pb_line_break_holder] -->var iframe = document.getElementById(\"zf_div_1pgQ9bpSSs55yc3tCRjvJYqcWTqB4XLxe02iu10iWD0\").getElementsByTagName(\"iframe\")[0];<!-- [et_pb_line_break_holder] -->if ( (iframe.src).indexOf('formperma') > 0 && (iframe.src).indexOf(zf_perma) > 0 ) {<!-- [et_pb_line_break_holder] -->var prevIframeHeight = iframe.style.height;<!-- [et_pb_line_break_holder] -->var zf_tout = false;<!-- [et_pb_line_break_holder] -->if( zf_ifrm_data.length == 3 ) {<!-- [et_pb_line_break_holder] -->iframe.scrollIntoView();<!-- [et_pb_line_break_holder] -->zf_tout = true;<!-- [et_pb_line_break_holder] -->}<!-- [et_pb_line_break_holder] -->if ( prevIframeHeight != zf_ifrm_ht_nw ) {<!-- [et_pb_line_break_holder] -->if( zf_tout ) {<!-- [et_pb_line_break_holder] -->setTimeout(function(){<!-- [et_pb_line_break_holder] -->iframe.style.height = zf_ifrm_ht_nw;<!-- [et_pb_line_break_holder] -->},500);<!-- [et_pb_line_break_holder] -->} else {<!-- [et_pb_line_break_holder] -->iframe.style.height = zf_ifrm_ht_nw;<!-- [et_pb_line_break_holder] -->}<!-- [et_pb_line_break_holder] -->}<!-- [et_pb_line_break_holder] -->}<!-- [et_pb_line_break_holder] -->}<!-- [et_pb_line_break_holder] -->}<!-- [et_pb_line_break_holder] -->}, false);<!-- [et_pb_line_break_holder] -->}catch(e){}<!-- [et_pb_line_break_holder] -->})();<\/script>[\/et_pb_code][\/et_pb_column][\/et_pb_row][\/et_pb_section][et_pb_section fb_built=&#8221;1&#8243; _builder_version=&#8221;4.27.0&#8243; _module_preset=&#8221;default&#8221; custom_margin=&#8221;0px||0px||true|false&#8221; custom_padding=&#8221;0px||0px||true|false&#8221; global_colors_info=&#8221;{}&#8221;][et_pb_row _builder_version=&#8221;4.27.0&#8243; _module_preset=&#8221;default&#8221; global_colors_info=&#8221;{}&#8221;][et_pb_column type=&#8221;4_4&#8243; _builder_version=&#8221;4.27.0&#8243; _module_preset=&#8221;default&#8221; global_colors_info=&#8221;{}&#8221;][et_pb_code _builder_version=&#8221;4.27.0&#8243; _module_preset=&#8221;default&#8221; global_colors_info=&#8221;{}&#8221;]<iframe src=\"https:\/\/www.google.com\/maps\/embed?pb=!1m14!1m8!1m3!1d9402.869711615556!2d-73.56830885139254!3d45.52034642597068!3m2!1i1024!2i768!4f13.1!3m3!1m2!1s0x4cc923839a370e23%3A0x8104a0d440f2aa15!2sColl%C3%A8ge%20April-Fortier%20-%20L%E2%80%99%C3%89COLE%20DU%20VOYAGE%20DEPUIS%201979!5e0!3m2!1sen!2sca!4v1722877535596!5m2!1sen!2sca\" width=\"1200\" height=\"600\" style=\"border:0;\" allowfullscreen=\"\" loading=\"lazy\" referrerpolicy=\"no-referrer-when-downgrade\"><\/iframe>[\/et_pb_code][\/et_pb_column][\/et_pb_row][\/et_pb_section][et_pb_section fb_built=&#8221;1&#8243; _builder_version=&#8221;4.17.6&#8243; _module_preset=&#8221;default&#8221; use_background_color_gradient=&#8221;on&#8221; background_color_gradient_stops=&#8221;#093b7c 0%|#2c5890 100%&#8221; custom_padding=&#8221;||5px|||&#8221; global_module=&#8221;86&#8243; saved_tabs=&#8221;all&#8221; global_colors_info=&#8221;{}&#8221;][et_pb_row column_structure=&#8221;1_4,1_4,1_4,1_4&#8243; use_custom_gutter=&#8221;on&#8221; gutter_width=&#8221;2&#8243; _builder_version=&#8221;4.17.6&#8243; _module_preset=&#8221;default&#8221; custom_padding=&#8221;||0px|||&#8221; global_colors_info=&#8221;{}&#8221;][et_pb_column type=&#8221;1_4&#8243; _builder_version=&#8221;4.17.6&#8243; _module_preset=&#8221;default&#8221; global_colors_info=&#8221;{}&#8221;][et_pb_text _builder_version=&#8221;4.27.0&#8243; _module_preset=&#8221;default&#8221; text_text_color=&#8221;#FFFFFF&#8221; text_font_size=&#8221;13px&#8221; background_layout=&#8221;dark&#8221; global_colors_info=&#8221;{}&#8221;]<\/p>\n<p><strong>Coll\u00e8ge April-Fortier<\/strong><br \/>1001, rue Sherbrooke Est, bureau 350<br \/>Montr\u00e9al, QC<br \/>H2L 1L3<\/p>\n<p>Phone number: 514 878-1414<br \/>Toll free:1 888 878-1414<br \/>Fax number: 514 521-5298<\/p>\n<p><span style=\"color: #ffffff;\"><a style=\"color: #ffffff;\" href=\"mailto:info@aprilfortier.ca\" target=\"_blank\" rel=\"noopener\">info@aprilfortier.ca<\/a><\/span><\/p>\n<p>[\/et_pb_text][\/et_pb_column][et_pb_column type=&#8221;1_4&#8243; _builder_version=&#8221;4.17.6&#8243; _module_preset=&#8221;default&#8221; global_colors_info=&#8221;{}&#8221;][et_pb_text _builder_version=&#8221;4.27.0&#8243; _module_preset=&#8221;default&#8221; text_font=&#8221;|700|||||||&#8221; text_text_color=&#8221;#FFFFFF&#8221; text_line_height=&#8221;1em&#8221; background_layout=&#8221;dark&#8221; global_colors_info=&#8221;{}&#8221; text_text_color__hover_enabled=&#8221;on|desktop&#8221; text_text_color__hover=&#8221;#f1b310&#8243;]<span style=\"color: #ffffff;\"><a style=\"color: #ffffff;\" href=\"https:\/\/aprilfortier.ca\">Home<\/a><\/span><\/p>\n<p><a href=\"https:\/\/aprilfortier.ca\/the-travel-school\/\"><span style=\"color: #ffffff;\">The travel school<\/span><\/a><\/p>\n<p><a href=\"https:\/\/aprilfortier.ca\/travel-and-tourism-courses\/\"><span style=\"color: #ffffff;\">Programs<\/span><\/a><\/p>\n<p><a href=\"https:\/\/aprilfortier.ca\/registration-travel-and-tourism-program\/\"><span style=\"color: #ffffff;\">Registration<\/span><\/a><\/p>\n<p><a href=\"https:\/\/aprilfortier.ca\/graduates-and-students\/\"><span style=\"color: #ffffff;\">Graduates and students<\/span><\/a>[\/et_pb_text][\/et_pb_column][et_pb_column type=&#8221;1_4&#8243; _builder_version=&#8221;4.17.6&#8243; _module_preset=&#8221;default&#8221; global_colors_info=&#8221;{}&#8221;][et_pb_text _builder_version=&#8221;4.27.0&#8243; _module_preset=&#8221;default&#8221; text_font=&#8221;|700|||||||&#8221; text_line_height=&#8221;1em&#8221; background_layout=&#8221;dark&#8221; global_colors_info=&#8221;{}&#8221; text_text_color__hover_enabled=&#8221;on|desktop&#8221; text_text_color__hover=&#8221;#f1b310&#8243;]<span style=\"color: #ffffff;\">Blog<br \/>\n<\/span><\/p>\n<p><span style=\"color: #ffffff;\">FAQ<\/span><\/p>\n<p><span style=\"color: #ffffff;\">Employers<\/span><\/p>\n<p><a href=\"https:\/\/aprilfortier.ca\/contact-us\/\"><span style=\"color: #ffffff;\">Contact us<\/span><\/a><\/p>\n<p><span style=\"color: #ffffff;\">Newsletter<\/span>[\/et_pb_text][\/et_pb_column][et_pb_column type=&#8221;1_4&#8243; _builder_version=&#8221;4.17.6&#8243; _module_preset=&#8221;default&#8221; global_colors_info=&#8221;{}&#8221;][et_pb_button button_text=&#8221;Share&#8221; _builder_version=&#8221;4.27.0&#8243; _module_preset=&#8221;default&#8221; custom_button=&#8221;on&#8221; button_text_size=&#8221;14px&#8221; button_bg_color=&#8221;#f0b63d&#8221; button_border_width=&#8221;0px&#8221; button_use_icon=&#8221;off&#8221; background_layout=&#8221;dark&#8221; custom_padding=&#8221;|55px||55px|false|false&#8221; global_colors_info=&#8221;{}&#8221; button_bg_color__hover_enabled=&#8221;on|desktop&#8221; button_bg_color__hover=&#8221;#d19c34&#8243; button_bg_enable_color__hover=&#8221;on&#8221;][\/et_pb_button][et_pb_button button_text=&#8221;Newsletter&#8221; _builder_version=&#8221;4.27.0&#8243; _module_preset=&#8221;default&#8221; custom_button=&#8221;on&#8221; button_text_size=&#8221;14px&#8221; button_bg_color=&#8221;#c64830&#8243; button_border_width=&#8221;0px&#8221; button_use_icon=&#8221;off&#8221; background_layout=&#8221;dark&#8221; custom_padding=&#8221;|40px||40px|false|true&#8221; global_colors_info=&#8221;{}&#8221; button_bg_color__hover_enabled=&#8221;on|desktop&#8221; button_bg_color__hover=&#8221;#b2452a&#8221; button_bg_enable_color__hover=&#8221;on&#8221;][\/et_pb_button][et_pb_social_media_follow _builder_version=&#8221;4.27.0&#8243; _module_preset=&#8221;default&#8221; global_colors_info=&#8221;{}&#8221;][et_pb_social_media_follow_network social_network=&#8221;facebook&#8221; url=&#8221;https:\/\/www.facebook.com\/CollegeAprilFortier&#8221; use_icon_font_size=&#8221;on&#8221; icon_font_size=&#8221;20px&#8221; _builder_version=&#8221;4.27.0&#8243; _module_preset=&#8221;default&#8221; background_color=&#8221;#3b5998&#8243; global_colors_info=&#8221;{}&#8221; follow_button=&#8221;off&#8221; url_new_window=&#8221;on&#8221;]facebook[\/et_pb_social_media_follow_network][et_pb_social_media_follow_network social_network=&#8221;youtube&#8221; url=&#8221;https:\/\/www.youtube.com\/user\/CollegeAprilFortier&#8221; use_icon_font_size=&#8221;on&#8221; icon_font_size=&#8221;20px&#8221; _builder_version=&#8221;4.27.0&#8243; _module_preset=&#8221;default&#8221; background_color=&#8221;#c62e00&#8243; background_enable_color=&#8221;on&#8221; global_colors_info=&#8221;{}&#8221; follow_button=&#8221;off&#8221; url_new_window=&#8221;on&#8221;]youtube[\/et_pb_social_media_follow_network][\/et_pb_social_media_follow][\/et_pb_column][\/et_pb_row][et_pb_row _builder_version=&#8221;4.17.6&#8243; _module_preset=&#8221;default&#8221; custom_padding=&#8221;17px||1px||false|false&#8221; global_colors_info=&#8221;{}&#8221;][et_pb_column type=&#8221;4_4&#8243; _builder_version=&#8221;4.17.6&#8243; _module_preset=&#8221;default&#8221; global_colors_info=&#8221;{}&#8221;][et_pb_text _builder_version=&#8221;4.27.0&#8243; _module_preset=&#8221;default&#8221; text_font=&#8221;||||||||&#8221; text_text_color=&#8221;#FFFFFF&#8221; text_font_size=&#8221;12px&#8221; text_orientation=&#8221;center&#8221; background_layout=&#8221;dark&#8221; global_colors_info=&#8221;{}&#8221;]<\/p>\n<div id=\"mk-boxed-layout\">\n<div id=\"mk-theme-container\" class=\"mk-transparent-header\">\n<section id=\"mk-footer\" class=\"\" role=\"contentinfo\">\n<div id=\"sub-footer\">\n<div>\u00a9 2024 Coll\u00e8ge April-Fortier. All rights reserved. <a style=\"color: #ffffff;\" href=\"https:\/\/www.april-fortier.com\/privacy-policy\">Privacy Policy<\/a><\/div>\n<\/div>\n<\/section>\n<\/div>\n<\/div>\n<p>[\/et_pb_text][\/et_pb_column][\/et_pb_row][\/et_pb_section]<\/p>\n","protected":false},"excerpt":{"rendered":"<p>Contact usColl\u00e8ge April-Fortier 1001, rue Sherbrooke Est, bureau 350Montr\u00e9al (Qu\u00e9bec)H2L 1L3 Phone number 514 878-1414 Outisde the Montreal area 1 888 878-1414 Fax number 514 521-5298 E-mail address info@aprilfortier.caContact us &nbsp;Coll\u00e8ge April-Fortier1001, rue Sherbrooke Est, bureau 350Montr\u00e9al, QCH2L 1L3 Phone number: 514 878-1414Toll free:1 888 878-1414Fax number: 514 521-5298 info@aprilfortier.caHome The travel school Programs Registration [&hellip;]<\/p>\n","protected":false},"author":1,"featured_media":0,"parent":0,"menu_order":0,"comment_status":"closed","ping_status":"closed","template":"","meta":{"_et_pb_use_builder":"on","_et_pb_old_content":"","_et_gb_content_width":"","footnotes":""},"class_list":["post-568","page","type-page","status-publish","hentry"],"yoast_head":"<!-- This site is optimized with the Yoast SEO plugin v23.5 - https:\/\/yoast.com\/wordpress\/plugins\/seo\/ -->\n<title>Contact us - Coll\u00e8ge April-Fortier<\/title>\n<meta name=\"robots\" content=\"index, follow, max-snippet:-1, max-image-preview:large, max-video-preview:-1\" \/>\n<link rel=\"canonical\" href=\"https:\/\/april-fortier.com\/contact-us\/\" \/>\n<meta property=\"og:locale\" content=\"en_US\" \/>\n<meta property=\"og:type\" content=\"article\" \/>\n<meta property=\"og:title\" content=\"Contact us - Coll\u00e8ge April-Fortier\" \/>\n<meta property=\"og:description\" content=\"Contact usColl\u00e8ge April-Fortier 1001, rue Sherbrooke Est, bureau 350Montr\u00e9al (Qu\u00e9bec)H2L 1L3 Phone number 514 878-1414 Outisde the Montreal area 1 888 878-1414 Fax number 514 521-5298 E-mail address info@aprilfortier.caContact us &nbsp;Coll\u00e8ge April-Fortier1001, rue Sherbrooke Est, bureau 350Montr\u00e9al, QCH2L 1L3 Phone number: 514 878-1414Toll free:1 888 878-1414Fax number: 514 521-5298 info@aprilfortier.caHome The travel school Programs Registration [&hellip;]\" \/>\n<meta property=\"og:url\" content=\"https:\/\/april-fortier.com\/contact-us\/\" \/>\n<meta property=\"og:site_name\" content=\"Coll\u00e8ge April-Fortier\" \/>\n<meta property=\"article:modified_time\" content=\"2024-09-17T17:58:11+00:00\" \/>\n<meta name=\"twitter:card\" content=\"summary_large_image\" \/>\n<meta name=\"twitter:label1\" content=\"Est. reading time\" \/>\n\t<meta name=\"twitter:data1\" content=\"5 minutes\" \/>\n<script type=\"application\/ld+json\" class=\"yoast-schema-graph\">{\"@context\":\"https:\/\/schema.org\",\"@graph\":[{\"@type\":\"WebPage\",\"@id\":\"https:\/\/april-fortier.com\/contact-us\/\",\"url\":\"https:\/\/april-fortier.com\/contact-us\/\",\"name\":\"Contact us - Coll\u00e8ge April-Fortier\",\"isPartOf\":{\"@id\":\"https:\/\/april-fortier.com\/#website\"},\"datePublished\":\"2022-12-15T04:47:02+00:00\",\"dateModified\":\"2024-09-17T17:58:11+00:00\",\"breadcrumb\":{\"@id\":\"https:\/\/april-fortier.com\/contact-us\/#breadcrumb\"},\"inLanguage\":\"en-US\",\"potentialAction\":[{\"@type\":\"ReadAction\",\"target\":[\"https:\/\/april-fortier.com\/contact-us\/\"]}]},{\"@type\":\"BreadcrumbList\",\"@id\":\"https:\/\/april-fortier.com\/contact-us\/#breadcrumb\",\"itemListElement\":[{\"@type\":\"ListItem\",\"position\":1,\"name\":\"Accueil\",\"item\":\"https:\/\/april-fortier.com\/en\/\"},{\"@type\":\"ListItem\",\"position\":2,\"name\":\"Contact us\"}]},{\"@type\":\"WebSite\",\"@id\":\"https:\/\/april-fortier.com\/#website\",\"url\":\"https:\/\/april-fortier.com\/\",\"name\":\"Coll\u00e8ge April-Fortier\",\"description\":\"Coll\u00e8ge April-Fortier\",\"potentialAction\":[{\"@type\":\"SearchAction\",\"target\":{\"@type\":\"EntryPoint\",\"urlTemplate\":\"https:\/\/april-fortier.com\/?s={search_term_string}\"},\"query-input\":{\"@type\":\"PropertyValueSpecification\",\"valueRequired\":true,\"valueName\":\"search_term_string\"}}],\"inLanguage\":\"en-US\"}]}<\/script>\n<!-- \/ Yoast SEO plugin. -->","yoast_head_json":{"title":"Contact us - Coll\u00e8ge April-Fortier","robots":{"index":"index","follow":"follow","max-snippet":"max-snippet:-1","max-image-preview":"max-image-preview:large","max-video-preview":"max-video-preview:-1"},"canonical":"https:\/\/april-fortier.com\/contact-us\/","og_locale":"en_US","og_type":"article","og_title":"Contact us - Coll\u00e8ge April-Fortier","og_description":"Contact usColl\u00e8ge April-Fortier 1001, rue Sherbrooke Est, bureau 350Montr\u00e9al (Qu\u00e9bec)H2L 1L3 Phone number 514 878-1414 Outisde the Montreal area 1 888 878-1414 Fax number 514 521-5298 E-mail address info@aprilfortier.caContact us &nbsp;Coll\u00e8ge April-Fortier1001, rue Sherbrooke Est, bureau 350Montr\u00e9al, QCH2L 1L3 Phone number: 514 878-1414Toll free:1 888 878-1414Fax number: 514 521-5298 info@aprilfortier.caHome The travel school Programs Registration [&hellip;]","og_url":"https:\/\/april-fortier.com\/contact-us\/","og_site_name":"Coll\u00e8ge April-Fortier","article_modified_time":"2024-09-17T17:58:11+00:00","twitter_card":"summary_large_image","twitter_misc":{"Est. reading time":"5 minutes"},"schema":{"@context":"https:\/\/schema.org","@graph":[{"@type":"WebPage","@id":"https:\/\/april-fortier.com\/contact-us\/","url":"https:\/\/april-fortier.com\/contact-us\/","name":"Contact us - Coll\u00e8ge April-Fortier","isPartOf":{"@id":"https:\/\/april-fortier.com\/#website"},"datePublished":"2022-12-15T04:47:02+00:00","dateModified":"2024-09-17T17:58:11+00:00","breadcrumb":{"@id":"https:\/\/april-fortier.com\/contact-us\/#breadcrumb"},"inLanguage":"en-US","potentialAction":[{"@type":"ReadAction","target":["https:\/\/april-fortier.com\/contact-us\/"]}]},{"@type":"BreadcrumbList","@id":"https:\/\/april-fortier.com\/contact-us\/#breadcrumb","itemListElement":[{"@type":"ListItem","position":1,"name":"Accueil","item":"https:\/\/april-fortier.com\/en\/"},{"@type":"ListItem","position":2,"name":"Contact us"}]},{"@type":"WebSite","@id":"https:\/\/april-fortier.com\/#website","url":"https:\/\/april-fortier.com\/","name":"Coll\u00e8ge April-Fortier","description":"Coll\u00e8ge April-Fortier","potentialAction":[{"@type":"SearchAction","target":{"@type":"EntryPoint","urlTemplate":"https:\/\/april-fortier.com\/?s={search_term_string}"},"query-input":{"@type":"PropertyValueSpecification","valueRequired":true,"valueName":"search_term_string"}}],"inLanguage":"en-US"}]}},"_links":{"self":[{"href":"https:\/\/april-fortier.com\/en\/wp-json\/wp\/v2\/pages\/568"}],"collection":[{"href":"https:\/\/april-fortier.com\/en\/wp-json\/wp\/v2\/pages"}],"about":[{"href":"https:\/\/april-fortier.com\/en\/wp-json\/wp\/v2\/types\/page"}],"author":[{"embeddable":true,"href":"https:\/\/april-fortier.com\/en\/wp-json\/wp\/v2\/users\/1"}],"replies":[{"embeddable":true,"href":"https:\/\/april-fortier.com\/en\/wp-json\/wp\/v2\/comments?post=568"}],"version-history":[{"count":9,"href":"https:\/\/april-fortier.com\/en\/wp-json\/wp\/v2\/pages\/568\/revisions"}],"predecessor-version":[{"id":1384,"href":"https:\/\/april-fortier.com\/en\/wp-json\/wp\/v2\/pages\/568\/revisions\/1384"}],"wp:attachment":[{"href":"https:\/\/april-fortier.com\/en\/wp-json\/wp\/v2\/media?parent=568"}],"curies":[{"name":"wp","href":"https:\/\/api.w.org\/{rel}","templated":true}]}}