{"id":549,"date":"2022-12-15T03:50:01","date_gmt":"2022-12-15T03:50:01","guid":{"rendered":"https:\/\/aprilfortier.ca\/?page_id=549"},"modified":"2025-01-17T00:53:13","modified_gmt":"2025-01-17T00:53:13","slug":"job-offers-access","status":"publish","type":"page","link":"https:\/\/april-fortier.com\/en\/graduates-and-students\/job-offers-access\/","title":{"rendered":"Job offers access"},"content":{"rendered":"<p>[et_pb_section fb_built=&#8221;1&#8243; _builder_version=&#8221;4.17.6&#8243; _module_preset=&#8221;default&#8221; background_image=&#8221;https:\/\/aprilfortier.ca\/wp-content\/uploads\/2022\/12\/015_1920x700.jpg&#8221; background_position=&#8221;bottom_center&#8221; background_vertical_offset=&#8221;0%&#8221; custom_margin=&#8221;||||false|false&#8221; custom_padding=&#8221;220px||100px||false|false&#8221; global_colors_info=&#8221;{}&#8221;][\/et_pb_section][et_pb_section fb_built=&#8221;1&#8243; _builder_version=&#8221;4.17.6&#8243; _module_preset=&#8221;default&#8221; custom_padding=&#8221;10px||14px||false|false&#8221; global_colors_info=&#8221;{}&#8221;][et_pb_row _builder_version=&#8221;4.17.6&#8243; _module_preset=&#8221;default&#8221; custom_padding=&#8221;45px||8px|||&#8221; global_colors_info=&#8221;{}&#8221;][et_pb_column type=&#8221;4_4&#8243; _builder_version=&#8221;4.17.6&#8243; _module_preset=&#8221;default&#8221; global_colors_info=&#8221;{}&#8221;][et_pb_image src=&#8221;https:\/\/aprilfortier.ca\/wp-content\/uploads\/2022\/12\/cropped-logo-icon-white.png&#8221; title_text=&#8221;cropped-logo-icon-white.png&#8221; _builder_version=&#8221;4.17.6&#8243; _module_preset=&#8221;default&#8221; width=&#8221;10%&#8221; module_alignment=&#8221;center&#8221; global_colors_info=&#8221;{}&#8221;][\/et_pb_image][et_pb_text _builder_version=&#8221;4.27.0&#8243; _module_preset=&#8221;default&#8221; header_2_font=&#8221;|800|||||||&#8221; header_2_text_align=&#8221;center&#8221; header_2_text_color=&#8221;#093b7c&#8221; header_2_font_size=&#8221;40px&#8221; custom_padding=&#8221;10px||20px||false|false&#8221; global_colors_info=&#8221;{}&#8221;]<\/p>\n<h2>Access job offers<\/h2>\n<p>[\/et_pb_text][et_pb_divider color=&#8221;RGBA(255,255,255,0)&#8221; divider_weight=&#8221;5px&#8221; _builder_version=&#8221;4.17.6&#8243; _module_preset=&#8221;default&#8221; background_color=&#8221;#f0b63d&#8221; width=&#8221;20%&#8221; module_alignment=&#8221;center&#8221; height=&#8221;10px&#8221; global_colors_info=&#8221;{}&#8221;][\/et_pb_divider][\/et_pb_column][\/et_pb_row][\/et_pb_section][et_pb_section fb_built=&#8221;1&#8243; _builder_version=&#8221;4.17.6&#8243; _module_preset=&#8221;default&#8221; custom_padding=&#8221;2px||50px|||&#8221; global_colors_info=&#8221;{}&#8221;][et_pb_row use_custom_gutter=&#8221;on&#8221; gutter_width=&#8221;1&#8243; make_equal=&#8221;on&#8221; _builder_version=&#8221;4.27.0&#8243; _module_preset=&#8221;default&#8221; width=&#8221;100%&#8221; custom_padding=&#8221;||0px||false|false&#8221; global_colors_info=&#8221;{}&#8221;][et_pb_column type=&#8221;4_4&#8243; _builder_version=&#8221;4.17.6&#8243; _module_preset=&#8221;default&#8221; global_colors_info=&#8221;{}&#8221;][et_pb_text _builder_version=&#8221;4.27.0&#8243; _module_preset=&#8221;default&#8221; text_font_size=&#8221;16px&#8221; header_2_font=&#8221;|700|||||||&#8221; header_2_text_color=&#8221;#093b7c&#8221; header_2_font_size=&#8221;24px&#8221; header_3_font=&#8221;|800|||||||&#8221; header_3_text_color=&#8221;#093b7c&#8221; header_3_font_size=&#8221;23px&#8221; header_4_text_color=&#8221;#093b7c&#8221; global_colors_info=&#8221;{}&#8221;]<\/p>\n<div class=\"mk-grid vc_row-fluid page-section-content\">\n<div class=\"mk-padding-wrapper\">\n<div class=\"vc_col-sm-12 wpb_column column_container \">\n<div class=\"vc_row wpb_row vc_inner vc_row-fluid vc_custom_1442849093487\">\n<div class=\"wpb_column vc_column_container vc_col-sm-8\">\n<div class=\"wpb_wrapper\">\n<div class=\"mk-text-block  true\">\n<p>Access to job offers is reserved for graduates of Coll\u00e8ge April-Fortier.<\/p>\n<p><strong>Graduates:<\/strong><br \/>Please complete this form to request your access to the job offers received by Coll\u00e8ge April-Fortier. Following receipt of the form, we will verify your academic record and send you an email with the information necessary to access the job offers. Please allow 2 to 5 business days for receipt of this information.<br \/>Please note that only students with a valid academic and financial record will be granted access.<\/p>\n<\/div>\n<\/div>\n<\/div>\n<\/div>\n<\/div>\n<\/div>\n<\/div>\n<p>[\/et_pb_text][\/et_pb_column][\/et_pb_row][et_pb_row column_structure=&#8221;1_2,1_2&#8243; _builder_version=&#8221;4.27.0&#8243; _module_preset=&#8221;default&#8221; custom_padding=&#8221;15px||||false|false&#8221; global_colors_info=&#8221;{}&#8221;][et_pb_column type=&#8221;1_2&#8243; _builder_version=&#8221;4.27.0&#8243; _module_preset=&#8221;default&#8221; global_colors_info=&#8221;{}&#8221;][et_pb_text _builder_version=&#8221;4.27.0&#8243; _module_preset=&#8221;default&#8221; header_3_font=&#8221;|700|||||||&#8221; header_3_text_color=&#8221;#045491&#8243; custom_margin=&#8221;0px||0px||false|false&#8221; custom_padding=&#8221;0px||0px||false|false&#8221; hover_enabled=&#8221;0&#8243; global_colors_info=&#8221;{}&#8221; sticky_enabled=&#8221;0&#8243;]<\/p>\n<h3 class=\"gform_title\">Request to Access Job Offers<\/h3>\n<p>[\/et_pb_text][et_pb_code _builder_version=&#8221;4.27.0&#8243; _module_preset=&#8221;default&#8221; custom_margin=&#8221;|0px|0px|0px|false|true&#8221; hover_enabled=&#8221;0&#8243; global_colors_info=&#8221;{}&#8221; custom_padding=&#8221;|0px|0px|0px|false|true&#8221; sticky_enabled=&#8221;0&#8243;]<\/p>\n<div id=\"zf_div_zMprWAOTl1FntgI4KImWJbOwKdDIiU6_LRhFTry0YFc\"><\/div>\n<p><script type=\"text\/javascript\">(function() {<!-- [et_pb_line_break_holder] -->try{<!-- [et_pb_line_break_holder] -->var f = document.createElement(\"iframe\");<!-- [et_pb_line_break_holder] -->f.src = 'https:\/\/forms.zohopublic.com\/collgeaprilfortier\/form\/AccessJobOffers\/formperma\/zMprWAOTl1FntgI4KImWJbOwKdDIiU6_LRhFTry0YFc?zf_rszfm=1';<!-- [et_pb_line_break_holder] -->f.style.border=\"none\";<!-- [et_pb_line_break_holder] -->f.style.height=\"836px\";<!-- [et_pb_line_break_holder] -->f.style.width=\"90%\";<!-- [et_pb_line_break_holder] -->f.style.transition=\"all 0.5s ease\";<!-- [et_pb_line_break_holder] -->f.setAttribute(\"aria-label\", 'Access\\x20Job\\x20Offers');<!-- [et_pb_line_break_holder] --><!-- [et_pb_line_break_holder] -->var d = document.getElementById(\"zf_div_zMprWAOTl1FntgI4KImWJbOwKdDIiU6_LRhFTry0YFc\");<!-- [et_pb_line_break_holder] -->d.appendChild(f);<!-- [et_pb_line_break_holder] -->window.addEventListener('message', function (){<!-- [et_pb_line_break_holder] -->var evntData = event.data;<!-- [et_pb_line_break_holder] -->if( evntData && evntData.constructor == String ){<!-- [et_pb_line_break_holder] -->var zf_ifrm_data = evntData.split(\"|\");<!-- [et_pb_line_break_holder] -->if ( zf_ifrm_data.length == 2 || zf_ifrm_data.length == 3 ) {<!-- [et_pb_line_break_holder] -->var zf_perma = zf_ifrm_data[0];<!-- [et_pb_line_break_holder] -->var zf_ifrm_ht_nw = ( parseInt(zf_ifrm_data[1], 10) + 15 ) + \"px\";<!-- [et_pb_line_break_holder] -->var iframe = document.getElementById(\"zf_div_zMprWAOTl1FntgI4KImWJbOwKdDIiU6_LRhFTry0YFc\").getElementsByTagName(\"iframe\")[0];<!-- [et_pb_line_break_holder] -->if ( (iframe.src).indexOf('formperma') > 0 && (iframe.src).indexOf(zf_perma) > 0 ) {<!-- [et_pb_line_break_holder] -->var prevIframeHeight = iframe.style.height;<!-- [et_pb_line_break_holder] -->var zf_tout = false;<!-- [et_pb_line_break_holder] -->if( zf_ifrm_data.length == 3 ) {<!-- [et_pb_line_break_holder] -->iframe.scrollIntoView();<!-- [et_pb_line_break_holder] -->zf_tout = true;<!-- [et_pb_line_break_holder] -->}<!-- [et_pb_line_break_holder] -->if ( prevIframeHeight != zf_ifrm_ht_nw ) {<!-- [et_pb_line_break_holder] -->if( zf_tout ) {<!-- [et_pb_line_break_holder] -->setTimeout(function(){<!-- [et_pb_line_break_holder] -->iframe.style.height = zf_ifrm_ht_nw;<!-- [et_pb_line_break_holder] -->},500);<!-- [et_pb_line_break_holder] -->} else {<!-- [et_pb_line_break_holder] -->iframe.style.height = zf_ifrm_ht_nw;<!-- [et_pb_line_break_holder] -->}<!-- [et_pb_line_break_holder] -->}<!-- [et_pb_line_break_holder] -->}<!-- [et_pb_line_break_holder] -->}<!-- [et_pb_line_break_holder] -->}<!-- [et_pb_line_break_holder] -->}, false);<!-- [et_pb_line_break_holder] -->}catch(e){}<!-- [et_pb_line_break_holder] -->})();<\/script>[\/et_pb_code][\/et_pb_column][et_pb_column type=&#8221;1_2&#8243; _builder_version=&#8221;4.27.0&#8243; _module_preset=&#8221;default&#8221; global_colors_info=&#8221;{}&#8221;][et_pb_image src=&#8221;https:\/\/april-fortier.com\/wp-content\/uploads\/2024\/08\/ServiceDePlacement_iStock_000079599741_Full-900&#215;900-1.jpg&#8221; title_text=&#8221;ServiceDePlacement&#8221; _builder_version=&#8221;4.27.0&#8243; _module_preset=&#8221;default&#8221; global_colors_info=&#8221;{}&#8221;][\/et_pb_image][\/et_pb_column][\/et_pb_row][\/et_pb_section][et_pb_section fb_built=&#8221;1&#8243; _builder_version=&#8221;4.17.6&#8243; _module_preset=&#8221;default&#8221; use_background_color_gradient=&#8221;on&#8221; background_color_gradient_stops=&#8221;#093b7c 0%|#2c5890 100%&#8221; custom_padding=&#8221;||5px|||&#8221; global_module=&#8221;86&#8243; saved_tabs=&#8221;all&#8221; global_colors_info=&#8221;{}&#8221;][et_pb_row column_structure=&#8221;1_4,1_4,1_4,1_4&#8243; use_custom_gutter=&#8221;on&#8221; gutter_width=&#8221;2&#8243; _builder_version=&#8221;4.17.6&#8243; _module_preset=&#8221;default&#8221; custom_padding=&#8221;||0px|||&#8221; global_colors_info=&#8221;{}&#8221;][et_pb_column type=&#8221;1_4&#8243; _builder_version=&#8221;4.17.6&#8243; _module_preset=&#8221;default&#8221; global_colors_info=&#8221;{}&#8221;][et_pb_text _builder_version=&#8221;4.27.0&#8243; _module_preset=&#8221;default&#8221; text_text_color=&#8221;#FFFFFF&#8221; text_font_size=&#8221;13px&#8221; background_layout=&#8221;dark&#8221; global_colors_info=&#8221;{}&#8221;]<\/p>\n<p><strong>Coll\u00e8ge April-Fortier<\/strong><br \/>1001, rue Sherbrooke Est, bureau 350<br \/>Montr\u00e9al, QC<br \/>H2L 1L3<\/p>\n<p>Phone number: 514 878-1414<br \/>Toll free:1 888 878-1414<br \/>Fax number: 514 521-5298<\/p>\n<p><span style=\"color: #ffffff;\"><a style=\"color: #ffffff;\" href=\"mailto:info@april-fortier.com\" target=\"_blank\" rel=\"noopener\">info@april-fortier.com<\/a><\/span><\/p>\n<p>[\/et_pb_text][\/et_pb_column][et_pb_column type=&#8221;1_4&#8243; _builder_version=&#8221;4.17.6&#8243; _module_preset=&#8221;default&#8221; global_colors_info=&#8221;{}&#8221;][et_pb_text _builder_version=&#8221;4.27.0&#8243; _module_preset=&#8221;default&#8221; text_font=&#8221;|700|||||||&#8221; text_text_color=&#8221;#FFFFFF&#8221; text_line_height=&#8221;1em&#8221; background_layout=&#8221;dark&#8221; global_colors_info=&#8221;{}&#8221; text_text_color__hover_enabled=&#8221;on|desktop&#8221; text_text_color__hover=&#8221;#f1b310&#8243;]<span style=\"color: #ffffff;\"><a style=\"color: #ffffff;\" href=\"https:\/\/april-fortier.com\">Home<\/a><\/span><\/p>\n<p><a href=\"https:\/\/april-fortier.com\/the-travel-school\/\"><span style=\"color: #ffffff;\">The travel school<\/span><\/a><\/p>\n<p><a href=\"https:\/\/april-fortier.com\/travel-and-tourism-courses\/\"><span style=\"color: #ffffff;\">Programs<\/span><\/a><\/p>\n<p><a href=\"https:\/\/april-fortier.com\/registration-travel-and-tourism-program\/\"><span style=\"color: #ffffff;\">Registration<\/span><\/a><\/p>\n<p><a href=\"https:\/\/april-fortier.com\/graduates-and-students\/\"><span style=\"color: #ffffff;\">Graduates and students<\/span><\/a>[\/et_pb_text][\/et_pb_column][et_pb_column type=&#8221;1_4&#8243; _builder_version=&#8221;4.17.6&#8243; _module_preset=&#8221;default&#8221; global_colors_info=&#8221;{}&#8221;][et_pb_text _builder_version=&#8221;4.27.0&#8243; _module_preset=&#8221;default&#8221; text_font=&#8221;|700|||||||&#8221; text_line_height=&#8221;1em&#8221; background_layout=&#8221;dark&#8221; global_colors_info=&#8221;{}&#8221; text_text_color__hover_enabled=&#8221;on|desktop&#8221; text_text_color__hover=&#8221;#f1b310&#8243;]<\/p>\n<p><span style=\"color: #ffffff;\">Blog<br \/><\/span><\/p>\n<p><a href=\"https:\/\/april-fortier.com\/contact-us\/\"><span style=\"color: #ffffff;\">Contact us<\/span><\/a><\/p>\n<p><a href=\"https:\/\/april-fortier.com\/newsletter\/\"><span style=\"color: #ffffff;\">Newsletter<\/span><\/a><\/p>\n<p>[\/et_pb_text][\/et_pb_column][et_pb_column type=&#8221;1_4&#8243; _builder_version=&#8221;4.17.6&#8243; _module_preset=&#8221;default&#8221; global_colors_info=&#8221;{}&#8221;][et_pb_button button_text=&#8221;Share&#8221; _builder_version=&#8221;4.27.0&#8243; _module_preset=&#8221;default&#8221; custom_button=&#8221;on&#8221; button_text_size=&#8221;14px&#8221; button_bg_color=&#8221;#f0b63d&#8221; button_border_width=&#8221;0px&#8221; button_use_icon=&#8221;off&#8221; background_layout=&#8221;dark&#8221; custom_padding=&#8221;|55px||55px|false|false&#8221; global_colors_info=&#8221;{}&#8221; button_bg_color__hover_enabled=&#8221;on|desktop&#8221; button_bg_color__hover=&#8221;#d19c34&#8243; button_bg_enable_color__hover=&#8221;on&#8221;][\/et_pb_button][et_pb_button button_url=&#8221;@ET-DC@eyJkeW5hbWljIjp0cnVlLCJjb250ZW50IjoicG9zdF9saW5rX3VybF9wYWdlIiwic2V0dGluZ3MiOnsicG9zdF9pZCI6IjE0NTUifX0=@&#8221; button_text=&#8221;Newsletter&#8221; _builder_version=&#8221;4.27.0&#8243; _dynamic_attributes=&#8221;button_url&#8221; _module_preset=&#8221;default&#8221; custom_button=&#8221;on&#8221; button_text_size=&#8221;14px&#8221; button_bg_color=&#8221;#c64830&#8243; button_border_width=&#8221;0px&#8221; button_use_icon=&#8221;off&#8221; background_layout=&#8221;dark&#8221; custom_padding=&#8221;|40px||40px|false|true&#8221; global_colors_info=&#8221;{}&#8221; button_bg_color__hover_enabled=&#8221;on|desktop&#8221; button_bg_color__hover=&#8221;#b2452a&#8221; button_bg_enable_color__hover=&#8221;on&#8221;][\/et_pb_button][et_pb_social_media_follow _builder_version=&#8221;4.27.0&#8243; _module_preset=&#8221;default&#8221; global_colors_info=&#8221;{}&#8221;][et_pb_social_media_follow_network social_network=&#8221;facebook&#8221; url=&#8221;https:\/\/www.facebook.com\/CollegeAprilFortier&#8221; use_icon_font_size=&#8221;on&#8221; icon_font_size=&#8221;20px&#8221; _builder_version=&#8221;4.27.0&#8243; _module_preset=&#8221;default&#8221; background_color=&#8221;#3b5998&#8243; global_colors_info=&#8221;{}&#8221; follow_button=&#8221;off&#8221; url_new_window=&#8221;on&#8221;]facebook[\/et_pb_social_media_follow_network][et_pb_social_media_follow_network social_network=&#8221;youtube&#8221; url=&#8221;https:\/\/www.youtube.com\/user\/CollegeAprilFortier&#8221; use_icon_font_size=&#8221;on&#8221; icon_font_size=&#8221;20px&#8221; _builder_version=&#8221;4.27.0&#8243; _module_preset=&#8221;default&#8221; background_color=&#8221;#c62e00&#8243; background_enable_color=&#8221;on&#8221; global_colors_info=&#8221;{}&#8221; follow_button=&#8221;off&#8221; url_new_window=&#8221;on&#8221;]youtube[\/et_pb_social_media_follow_network][\/et_pb_social_media_follow][\/et_pb_column][\/et_pb_row][et_pb_row _builder_version=&#8221;4.17.6&#8243; _module_preset=&#8221;default&#8221; custom_padding=&#8221;17px||1px||false|false&#8221; global_colors_info=&#8221;{}&#8221;][et_pb_column type=&#8221;4_4&#8243; _builder_version=&#8221;4.17.6&#8243; _module_preset=&#8221;default&#8221; global_colors_info=&#8221;{}&#8221;][et_pb_text _builder_version=&#8221;4.27.0&#8243; _module_preset=&#8221;default&#8221; text_font=&#8221;||||||||&#8221; text_text_color=&#8221;#FFFFFF&#8221; text_font_size=&#8221;12px&#8221; text_orientation=&#8221;center&#8221; background_layout=&#8221;dark&#8221; global_colors_info=&#8221;{}&#8221;]<\/p>\n<div id=\"mk-boxed-layout\">\n<div id=\"mk-theme-container\" class=\"mk-transparent-header\">\n<section id=\"mk-footer\" class=\"\" role=\"contentinfo\">\n<div id=\"sub-footer\">\n<div>\u00a9 2024 Coll\u00e8ge April-Fortier. All rights reserved. <a style=\"color: #ffffff;\" href=\"https:\/\/www.april-fortier.com\/privacy-policy\">Privacy Policy<\/a><\/div>\n<\/div>\n<\/section>\n<\/div>\n<\/div>\n<p>[\/et_pb_text][\/et_pb_column][\/et_pb_row][\/et_pb_section]<\/p>\n","protected":false},"excerpt":{"rendered":"<p>Access job offers Access to job offers is reserved for graduates of Coll\u00e8ge April-Fortier. Graduates:Please complete this form to request your access to the job offers received by Coll\u00e8ge April-Fortier. Following receipt of the form, we will verify your academic record and send you an email with the information necessary to access the job offers. [&hellip;]<\/p>\n","protected":false},"author":1,"featured_media":0,"parent":218,"menu_order":0,"comment_status":"closed","ping_status":"closed","template":"","meta":{"_et_pb_use_builder":"on","_et_pb_old_content":"","_et_gb_content_width":"","footnotes":""},"class_list":["post-549","page","type-page","status-publish","hentry"],"yoast_head":"<!-- This site is optimized with the Yoast SEO plugin v23.5 - https:\/\/yoast.com\/wordpress\/plugins\/seo\/ -->\n<title>Job offers access - Coll\u00e8ge April-Fortier<\/title>\n<meta name=\"robots\" content=\"index, follow, max-snippet:-1, max-image-preview:large, max-video-preview:-1\" \/>\n<link rel=\"canonical\" href=\"https:\/\/april-fortier.com\/etudiants-et-diplomes\/acces-aux-offres-demploi\/\" \/>\n<meta property=\"og:locale\" content=\"en_US\" \/>\n<meta property=\"og:type\" content=\"article\" \/>\n<meta property=\"og:title\" content=\"Job offers access - Coll\u00e8ge April-Fortier\" \/>\n<meta property=\"og:description\" content=\"Access job offers Access to job offers is reserved for graduates of Coll\u00e8ge April-Fortier. Graduates:Please complete this form to request your access to the job offers received by Coll\u00e8ge April-Fortier. Following receipt of the form, we will verify your academic record and send you an email with the information necessary to access the job offers. [&hellip;]\" \/>\n<meta property=\"og:url\" content=\"https:\/\/april-fortier.com\/etudiants-et-diplomes\/acces-aux-offres-demploi\/\" \/>\n<meta property=\"og:site_name\" content=\"Coll\u00e8ge April-Fortier\" \/>\n<meta property=\"article:modified_time\" content=\"2025-01-17T00:53:13+00:00\" \/>\n<meta name=\"twitter:card\" content=\"summary_large_image\" \/>\n<meta name=\"twitter:label1\" content=\"Est. reading time\" \/>\n\t<meta name=\"twitter:data1\" content=\"6 minutes\" \/>\n<script type=\"application\/ld+json\" class=\"yoast-schema-graph\">{\"@context\":\"https:\/\/schema.org\",\"@graph\":[{\"@type\":\"WebPage\",\"@id\":\"https:\/\/april-fortier.com\/etudiants-et-diplomes\/acces-aux-offres-demploi\/\",\"url\":\"https:\/\/april-fortier.com\/etudiants-et-diplomes\/acces-aux-offres-demploi\/\",\"name\":\"Job offers access - Coll\u00e8ge April-Fortier\",\"isPartOf\":{\"@id\":\"https:\/\/april-fortier.com\/#website\"},\"datePublished\":\"2022-12-15T03:50:01+00:00\",\"dateModified\":\"2025-01-17T00:53:13+00:00\",\"breadcrumb\":{\"@id\":\"https:\/\/april-fortier.com\/etudiants-et-diplomes\/acces-aux-offres-demploi\/#breadcrumb\"},\"inLanguage\":\"en-US\",\"potentialAction\":[{\"@type\":\"ReadAction\",\"target\":[\"https:\/\/april-fortier.com\/etudiants-et-diplomes\/acces-aux-offres-demploi\/\"]}]},{\"@type\":\"BreadcrumbList\",\"@id\":\"https:\/\/april-fortier.com\/etudiants-et-diplomes\/acces-aux-offres-demploi\/#breadcrumb\",\"itemListElement\":[{\"@type\":\"ListItem\",\"position\":1,\"name\":\"Accueil\",\"item\":\"https:\/\/april-fortier.com\/en\/\"},{\"@type\":\"ListItem\",\"position\":2,\"name\":\"Graduates and Students\",\"item\":\"https:\/\/april-fortier.com\/graduates-and-students\/\"},{\"@type\":\"ListItem\",\"position\":3,\"name\":\"Job offers access\"}]},{\"@type\":\"WebSite\",\"@id\":\"https:\/\/april-fortier.com\/#website\",\"url\":\"https:\/\/april-fortier.com\/\",\"name\":\"Coll\u00e8ge April-Fortier\",\"description\":\"Coll\u00e8ge April-Fortier\",\"potentialAction\":[{\"@type\":\"SearchAction\",\"target\":{\"@type\":\"EntryPoint\",\"urlTemplate\":\"https:\/\/april-fortier.com\/?s={search_term_string}\"},\"query-input\":{\"@type\":\"PropertyValueSpecification\",\"valueRequired\":true,\"valueName\":\"search_term_string\"}}],\"inLanguage\":\"en-US\"}]}<\/script>\n<!-- \/ Yoast SEO plugin. -->","yoast_head_json":{"title":"Job offers access - Coll\u00e8ge April-Fortier","robots":{"index":"index","follow":"follow","max-snippet":"max-snippet:-1","max-image-preview":"max-image-preview:large","max-video-preview":"max-video-preview:-1"},"canonical":"https:\/\/april-fortier.com\/etudiants-et-diplomes\/acces-aux-offres-demploi\/","og_locale":"en_US","og_type":"article","og_title":"Job offers access - Coll\u00e8ge April-Fortier","og_description":"Access job offers Access to job offers is reserved for graduates of Coll\u00e8ge April-Fortier. Graduates:Please complete this form to request your access to the job offers received by Coll\u00e8ge April-Fortier. Following receipt of the form, we will verify your academic record and send you an email with the information necessary to access the job offers. [&hellip;]","og_url":"https:\/\/april-fortier.com\/etudiants-et-diplomes\/acces-aux-offres-demploi\/","og_site_name":"Coll\u00e8ge April-Fortier","article_modified_time":"2025-01-17T00:53:13+00:00","twitter_card":"summary_large_image","twitter_misc":{"Est. reading time":"6 minutes"},"schema":{"@context":"https:\/\/schema.org","@graph":[{"@type":"WebPage","@id":"https:\/\/april-fortier.com\/etudiants-et-diplomes\/acces-aux-offres-demploi\/","url":"https:\/\/april-fortier.com\/etudiants-et-diplomes\/acces-aux-offres-demploi\/","name":"Job offers access - Coll\u00e8ge April-Fortier","isPartOf":{"@id":"https:\/\/april-fortier.com\/#website"},"datePublished":"2022-12-15T03:50:01+00:00","dateModified":"2025-01-17T00:53:13+00:00","breadcrumb":{"@id":"https:\/\/april-fortier.com\/etudiants-et-diplomes\/acces-aux-offres-demploi\/#breadcrumb"},"inLanguage":"en-US","potentialAction":[{"@type":"ReadAction","target":["https:\/\/april-fortier.com\/etudiants-et-diplomes\/acces-aux-offres-demploi\/"]}]},{"@type":"BreadcrumbList","@id":"https:\/\/april-fortier.com\/etudiants-et-diplomes\/acces-aux-offres-demploi\/#breadcrumb","itemListElement":[{"@type":"ListItem","position":1,"name":"Accueil","item":"https:\/\/april-fortier.com\/en\/"},{"@type":"ListItem","position":2,"name":"Graduates and Students","item":"https:\/\/april-fortier.com\/graduates-and-students\/"},{"@type":"ListItem","position":3,"name":"Job offers access"}]},{"@type":"WebSite","@id":"https:\/\/april-fortier.com\/#website","url":"https:\/\/april-fortier.com\/","name":"Coll\u00e8ge April-Fortier","description":"Coll\u00e8ge April-Fortier","potentialAction":[{"@type":"SearchAction","target":{"@type":"EntryPoint","urlTemplate":"https:\/\/april-fortier.com\/?s={search_term_string}"},"query-input":{"@type":"PropertyValueSpecification","valueRequired":true,"valueName":"search_term_string"}}],"inLanguage":"en-US"}]}},"_links":{"self":[{"href":"https:\/\/april-fortier.com\/en\/wp-json\/wp\/v2\/pages\/549"}],"collection":[{"href":"https:\/\/april-fortier.com\/en\/wp-json\/wp\/v2\/pages"}],"about":[{"href":"https:\/\/april-fortier.com\/en\/wp-json\/wp\/v2\/types\/page"}],"author":[{"embeddable":true,"href":"https:\/\/april-fortier.com\/en\/wp-json\/wp\/v2\/users\/1"}],"replies":[{"embeddable":true,"href":"https:\/\/april-fortier.com\/en\/wp-json\/wp\/v2\/comments?post=549"}],"version-history":[{"count":12,"href":"https:\/\/april-fortier.com\/en\/wp-json\/wp\/v2\/pages\/549\/revisions"}],"predecessor-version":[{"id":1791,"href":"https:\/\/april-fortier.com\/en\/wp-json\/wp\/v2\/pages\/549\/revisions\/1791"}],"up":[{"embeddable":true,"href":"https:\/\/april-fortier.com\/en\/wp-json\/wp\/v2\/pages\/218"}],"wp:attachment":[{"href":"https:\/\/april-fortier.com\/en\/wp-json\/wp\/v2\/media?parent=549"}],"curies":[{"name":"wp","href":"https:\/\/api.w.org\/{rel}","templated":true}]}}