{"id":447,"date":"2022-12-14T03:17:31","date_gmt":"2022-12-14T03:17:31","guid":{"rendered":"https:\/\/aprilfortier.ca\/?page_id=447"},"modified":"2025-03-06T22:42:08","modified_gmt":"2025-03-06T22:42:08","slug":"photos-and-videos","status":"publish","type":"page","link":"https:\/\/april-fortier.com\/en\/the-travel-school\/photos-and-videos\/","title":{"rendered":"Photos and videos"},"content":{"rendered":"<p>[et_pb_section fb_built=&#8221;1&#8243; _builder_version=&#8221;4.17.6&#8243; _module_preset=&#8221;default&#8221; background_image=&#8221;https:\/\/aprilfortier.ca\/wp-content\/uploads\/2022\/12\/006_1920x7001.jpg&#8221; background_position=&#8221;bottom_center&#8221; background_vertical_offset=&#8221;0%&#8221; custom_margin=&#8221;||||false|false&#8221; custom_padding=&#8221;220px||100px||false|false&#8221; global_colors_info=&#8221;{}&#8221;][et_pb_row _builder_version=&#8221;4.17.6&#8243; _module_preset=&#8221;default&#8221; custom_margin=&#8221;||||false|false&#8221; custom_padding=&#8221;||||false|false&#8221; global_colors_info=&#8221;{}&#8221;][et_pb_column type=&#8221;4_4&#8243; _builder_version=&#8221;4.17.6&#8243; _module_preset=&#8221;default&#8221; global_colors_info=&#8221;{}&#8221;][\/et_pb_column][\/et_pb_row][\/et_pb_section][et_pb_section fb_built=&#8221;1&#8243; _builder_version=&#8221;4.17.6&#8243; _module_preset=&#8221;default&#8221; custom_padding=&#8221;10px||14px||false|false&#8221; global_colors_info=&#8221;{}&#8221;][et_pb_row _builder_version=&#8221;4.17.6&#8243; _module_preset=&#8221;default&#8221; custom_padding=&#8221;45px||8px|||&#8221; global_colors_info=&#8221;{}&#8221;][et_pb_column type=&#8221;4_4&#8243; _builder_version=&#8221;4.17.6&#8243; _module_preset=&#8221;default&#8221; global_colors_info=&#8221;{}&#8221;][et_pb_image src=&#8221;https:\/\/aprilfortier.ca\/wp-content\/uploads\/2022\/12\/cropped-logo-icon-white.png&#8221; title_text=&#8221;cropped-logo-icon-white.png&#8221; _builder_version=&#8221;4.17.6&#8243; _module_preset=&#8221;default&#8221; width=&#8221;10%&#8221; module_alignment=&#8221;center&#8221; global_colors_info=&#8221;{}&#8221;][\/et_pb_image][et_pb_text _builder_version=&#8221;4.17.6&#8243; _module_preset=&#8221;default&#8221; header_2_font=&#8221;|800|||||||&#8221; header_2_text_align=&#8221;center&#8221; header_2_text_color=&#8221;#093b7c&#8221; header_2_font_size=&#8221;40px&#8221; custom_padding=&#8221;10px||20px||false|false&#8221; global_colors_info=&#8221;{}&#8221;]<\/p>\n<h2>Photos and videos<\/h2>\n<p>[\/et_pb_text][et_pb_divider color=&#8221;RGBA(255,255,255,0)&#8221; divider_weight=&#8221;5px&#8221; _builder_version=&#8221;4.17.6&#8243; _module_preset=&#8221;default&#8221; background_color=&#8221;#f0b63d&#8221; width=&#8221;20%&#8221; module_alignment=&#8221;center&#8221; height=&#8221;10px&#8221; global_colors_info=&#8221;{}&#8221;][\/et_pb_divider][\/et_pb_column][\/et_pb_row][\/et_pb_section][et_pb_section fb_built=&#8221;1&#8243; _builder_version=&#8221;4.17.6&#8243; _module_preset=&#8221;default&#8221; custom_padding=&#8221;2px||50px|||&#8221; global_colors_info=&#8221;{}&#8221;][et_pb_row column_structure=&#8221;1_2,1_2&#8243; use_custom_gutter=&#8221;on&#8221; gutter_width=&#8221;1&#8243; make_equal=&#8221;on&#8221; _builder_version=&#8221;4.17.6&#8243; _module_preset=&#8221;default&#8221; width=&#8221;100%&#8221; custom_padding=&#8221;||0px||false|false&#8221; global_colors_info=&#8221;{}&#8221;][et_pb_column type=&#8221;1_2&#8243; _builder_version=&#8221;4.17.6&#8243; _module_preset=&#8221;default&#8221; global_colors_info=&#8221;{}&#8221;][\/et_pb_column][et_pb_column type=&#8221;1_2&#8243; _builder_version=&#8221;4.17.6&#8243; _module_preset=&#8221;default&#8221; background_enable_image=&#8221;off&#8221; custom_padding=&#8221;|0px||0px|false|false&#8221; global_colors_info=&#8221;{}&#8221;][et_pb_image src=&#8221;https:\/\/aprilfortier.ca\/wp-content\/uploads\/2022\/12\/PhotosEtVideos_iStock_000065654791.jpg&#8221; align=&#8221;right&#8221; _builder_version=&#8221;4.17.6&#8243; _module_preset=&#8221;default&#8221; global_colors_info=&#8221;{}&#8221;][\/et_pb_image][\/et_pb_column][\/et_pb_row][et_pb_row _builder_version=&#8221;4.17.6&#8243; _module_preset=&#8221;default&#8221; global_colors_info=&#8221;{}&#8221;][et_pb_column type=&#8221;4_4&#8243; _builder_version=&#8221;4.17.6&#8243; _module_preset=&#8221;default&#8221; global_colors_info=&#8221;{}&#8221;][et_pb_text _builder_version=&#8221;4.17.6&#8243; _module_preset=&#8221;default&#8221; header_2_font=&#8221;|800|||||||&#8221; header_2_text_align=&#8221;center&#8221; header_2_text_color=&#8221;#093b7c&#8221; header_2_font_size=&#8221;40px&#8221; custom_padding=&#8221;10px||20px||false|false&#8221; global_colors_info=&#8221;{}&#8221;]<\/p>\n<h2>Video gallery<\/h2>\n<p>[\/et_pb_text][et_pb_divider color=&#8221;RGBA(255,255,255,0)&#8221; divider_weight=&#8221;5px&#8221; _builder_version=&#8221;4.17.6&#8243; _module_preset=&#8221;default&#8221; background_color=&#8221;#f0b63d&#8221; width=&#8221;20%&#8221; module_alignment=&#8221;center&#8221; height=&#8221;10px&#8221; global_colors_info=&#8221;{}&#8221;][\/et_pb_divider][\/et_pb_column][\/et_pb_row][et_pb_row column_structure=&#8221;1_2,1_2&#8243; _builder_version=&#8221;4.17.6&#8243; _module_preset=&#8221;default&#8221; global_colors_info=&#8221;{}&#8221;][et_pb_column type=&#8221;1_2&#8243; _builder_version=&#8221;4.17.6&#8243; _module_preset=&#8221;default&#8221; global_colors_info=&#8221;{}&#8221;][et_pb_video src=&#8221;https:\/\/www.youtube.com\/watch?v=1HSssyr4bGc&#8221; _builder_version=&#8221;4.17.6&#8243; _module_preset=&#8221;default&#8221; global_colors_info=&#8221;{}&#8221;][\/et_pb_video][et_pb_text _builder_version=&#8221;4.17.6&#8243; _module_preset=&#8221;default&#8221; text_font_size=&#8221;16px&#8221; global_colors_info=&#8221;{}&#8221;]<\/p>\n<p>David C\u00f4t\u00e9<\/p>\n<p>Repr\u00e9sentant des ventes chez Vacances Air Canada<\/p>\n<p>[\/et_pb_text][\/et_pb_column][et_pb_column type=&#8221;1_2&#8243; _builder_version=&#8221;4.17.6&#8243; _module_preset=&#8221;default&#8221; global_colors_info=&#8221;{}&#8221;][et_pb_video src=&#8221;https:\/\/www.youtube.com\/watch?v=gR934CctgiI&#8221; _builder_version=&#8221;4.17.6&#8243; _module_preset=&#8221;default&#8221; global_colors_info=&#8221;{}&#8221;][\/et_pb_video][et_pb_text _builder_version=&#8221;4.17.6&#8243; _module_preset=&#8221;default&#8221; text_font_size=&#8221;16px&#8221; global_colors_info=&#8221;{}&#8221;]<\/p>\n<p>H\u00e9l\u00e8ne Corbin<\/p>\n<p>Conseill\u00e8re en voyages chez Club Voyages Dumoulin<\/p>\n<p>[\/et_pb_text][\/et_pb_column][\/et_pb_row][et_pb_row column_structure=&#8221;1_2,1_2&#8243; _builder_version=&#8221;4.17.6&#8243; _module_preset=&#8221;default&#8221; global_colors_info=&#8221;{}&#8221;][et_pb_column type=&#8221;1_2&#8243; _builder_version=&#8221;4.17.6&#8243; _module_preset=&#8221;default&#8221; global_colors_info=&#8221;{}&#8221;][et_pb_video src=&#8221;https:\/\/www.youtube.com\/watch?v=tv-pkQ0ZFU0&#8243; _builder_version=&#8221;4.17.6&#8243; _module_preset=&#8221;default&#8221; global_colors_info=&#8221;{}&#8221;][\/et_pb_video][et_pb_text _builder_version=&#8221;4.17.6&#8243; _module_preset=&#8221;default&#8221; text_font_size=&#8221;16px&#8221; global_colors_info=&#8221;{}&#8221;]<\/p>\n<p>Jennifer Brousseau<\/p>\n<p>Agente de r\u00e9servation au d\u00e9partement Europe chez Thomas Cook<\/p>\n<p>[\/et_pb_text][\/et_pb_column][et_pb_column type=&#8221;1_2&#8243; _builder_version=&#8221;4.17.6&#8243; _module_preset=&#8221;default&#8221; global_colors_info=&#8221;{}&#8221;][et_pb_video src=&#8221;https:\/\/www.youtube.com\/watch?v=KDuLvlHx03o&#8221; _builder_version=&#8221;4.17.6&#8243; _module_preset=&#8221;default&#8221; global_colors_info=&#8221;{}&#8221;][\/et_pb_video][et_pb_text _builder_version=&#8221;4.17.6&#8243; _module_preset=&#8221;default&#8221; text_font_size=&#8221;16px&#8221; global_colors_info=&#8221;{}&#8221;]<\/p>\n<p>Nicolas Th\u00e9riault<\/p>\n<p>Agent de r\u00e9servation aux groupes chez Vacances Air Canada<\/p>\n<p>[\/et_pb_text][\/et_pb_column][\/et_pb_row][et_pb_row _builder_version=&#8221;4.17.6&#8243; _module_preset=&#8221;default&#8221; global_colors_info=&#8221;{}&#8221;][et_pb_column type=&#8221;4_4&#8243; _builder_version=&#8221;4.17.6&#8243; _module_preset=&#8221;default&#8221; global_colors_info=&#8221;{}&#8221;][et_pb_text _builder_version=&#8221;4.17.6&#8243; _module_preset=&#8221;default&#8221; header_2_font=&#8221;|800|||||||&#8221; header_2_text_align=&#8221;center&#8221; header_2_text_color=&#8221;#093b7c&#8221; header_2_font_size=&#8221;40px&#8221; custom_padding=&#8221;10px||20px||false|false&#8221; global_colors_info=&#8221;{}&#8221;]<\/p>\n<h2>Photo gallery<\/h2>\n<p>[\/et_pb_text][et_pb_divider color=&#8221;RGBA(255,255,255,0)&#8221; divider_weight=&#8221;5px&#8221; _builder_version=&#8221;4.17.6&#8243; _module_preset=&#8221;default&#8221; background_color=&#8221;#f0b63d&#8221; width=&#8221;20%&#8221; module_alignment=&#8221;center&#8221; height=&#8221;10px&#8221; global_colors_info=&#8221;{}&#8221;][\/et_pb_divider][\/et_pb_column][\/et_pb_row][\/et_pb_section][et_pb_section fb_built=&#8221;1&#8243; _builder_version=&#8221;4.17.6&#8243; _module_preset=&#8221;default&#8221; use_background_color_gradient=&#8221;on&#8221; background_color_gradient_stops=&#8221;#093b7c 0%|#2c5890 100%&#8221; custom_padding=&#8221;||5px|||&#8221; global_module=&#8221;86&#8243; saved_tabs=&#8221;all&#8221; global_colors_info=&#8221;{}&#8221;][et_pb_row column_structure=&#8221;1_4,1_4,1_4,1_4&#8243; use_custom_gutter=&#8221;on&#8221; gutter_width=&#8221;2&#8243; _builder_version=&#8221;4.17.6&#8243; _module_preset=&#8221;default&#8221; custom_padding=&#8221;||0px|||&#8221; global_colors_info=&#8221;{}&#8221;][et_pb_column type=&#8221;1_4&#8243; _builder_version=&#8221;4.17.6&#8243; _module_preset=&#8221;default&#8221; global_colors_info=&#8221;{}&#8221;][et_pb_text _builder_version=&#8221;4.27.0&#8243; _module_preset=&#8221;default&#8221; text_text_color=&#8221;#FFFFFF&#8221; text_font_size=&#8221;13px&#8221; background_layout=&#8221;dark&#8221; global_colors_info=&#8221;{}&#8221;]<\/p>\n<p><strong>Coll\u00e8ge April-Fortier<\/strong><br \/>1001, rue Sherbrooke Est, bureau 350<br \/>Montr\u00e9al, QC<br \/>H2L 1L3<\/p>\n<p>Phone number: 514 878-1414<br \/>Toll free:1 888 878-1414<br \/>Fax number: 514 521-5298<\/p>\n<p><span style=\"color: #ffffff;\"><a style=\"color: #ffffff;\" href=\"mailto:info@april-fortier.com\" target=\"_blank\" rel=\"noopener\">info@april-fortier.com<\/a><\/span><\/p>\n<p>[\/et_pb_text][\/et_pb_column][et_pb_column type=&#8221;1_4&#8243; _builder_version=&#8221;4.17.6&#8243; _module_preset=&#8221;default&#8221; global_colors_info=&#8221;{}&#8221;][et_pb_text _builder_version=&#8221;4.27.0&#8243; _module_preset=&#8221;default&#8221; text_font=&#8221;|700|||||||&#8221; text_text_color=&#8221;#FFFFFF&#8221; text_line_height=&#8221;1em&#8221; background_layout=&#8221;dark&#8221; global_colors_info=&#8221;{}&#8221; text_text_color__hover_enabled=&#8221;on|desktop&#8221; text_text_color__hover=&#8221;#f1b310&#8243;]<span style=\"color: #ffffff;\"><a style=\"color: #ffffff;\" href=\"https:\/\/april-fortier.com\">Home<\/a><\/span><\/p>\n<p><a href=\"https:\/\/april-fortier.com\/the-travel-school\/\"><span style=\"color: #ffffff;\">The travel school<\/span><\/a><\/p>\n<p><a href=\"https:\/\/april-fortier.com\/travel-and-tourism-courses\/\"><span style=\"color: #ffffff;\">Programs<\/span><\/a><\/p>\n<p><a href=\"https:\/\/april-fortier.com\/registration-travel-and-tourism-program\/\"><span style=\"color: #ffffff;\">Registration<\/span><\/a><\/p>\n<p><a href=\"https:\/\/april-fortier.com\/graduates-and-students\/\"><span style=\"color: #ffffff;\">Graduates and students<\/span><\/a>[\/et_pb_text][\/et_pb_column][et_pb_column type=&#8221;1_4&#8243; _builder_version=&#8221;4.17.6&#8243; _module_preset=&#8221;default&#8221; global_colors_info=&#8221;{}&#8221;][et_pb_text _builder_version=&#8221;4.27.0&#8243; _module_preset=&#8221;default&#8221; text_font=&#8221;|700|||||||&#8221; text_line_height=&#8221;1em&#8221; background_layout=&#8221;dark&#8221; global_colors_info=&#8221;{}&#8221; text_text_color__hover_enabled=&#8221;on|desktop&#8221; text_text_color__hover=&#8221;#f1b310&#8243;]<\/p>\n<p><span style=\"color: #ffffff;\">Blog<br \/><\/span><\/p>\n<p><a href=\"https:\/\/april-fortier.com\/contact-us\/\"><span style=\"color: #ffffff;\">Contact us<\/span><\/a><\/p>\n<p><a href=\"https:\/\/april-fortier.com\/newsletter\/\"><span style=\"color: #ffffff;\">Newsletter<\/span><\/a><\/p>\n<p>[\/et_pb_text][\/et_pb_column][et_pb_column type=&#8221;1_4&#8243; _builder_version=&#8221;4.17.6&#8243; _module_preset=&#8221;default&#8221; global_colors_info=&#8221;{}&#8221;][et_pb_button button_text=&#8221;Share&#8221; _builder_version=&#8221;4.27.0&#8243; _module_preset=&#8221;default&#8221; custom_button=&#8221;on&#8221; button_text_size=&#8221;14px&#8221; button_bg_color=&#8221;#f0b63d&#8221; button_border_width=&#8221;0px&#8221; button_use_icon=&#8221;off&#8221; background_layout=&#8221;dark&#8221; custom_padding=&#8221;|55px||55px|false|false&#8221; global_colors_info=&#8221;{}&#8221; button_bg_color__hover_enabled=&#8221;on|desktop&#8221; button_bg_color__hover=&#8221;#d19c34&#8243; button_bg_enable_color__hover=&#8221;on&#8221;][\/et_pb_button][et_pb_button button_url=&#8221;@ET-DC@eyJkeW5hbWljIjp0cnVlLCJjb250ZW50IjoicG9zdF9saW5rX3VybF9wYWdlIiwic2V0dGluZ3MiOnsicG9zdF9pZCI6IjE0NTUifX0=@&#8221; button_text=&#8221;Newsletter&#8221; _builder_version=&#8221;4.27.0&#8243; _dynamic_attributes=&#8221;button_url&#8221; _module_preset=&#8221;default&#8221; custom_button=&#8221;on&#8221; button_text_size=&#8221;14px&#8221; button_bg_color=&#8221;#c64830&#8243; button_border_width=&#8221;0px&#8221; button_use_icon=&#8221;off&#8221; background_layout=&#8221;dark&#8221; custom_padding=&#8221;|40px||40px|false|true&#8221; global_colors_info=&#8221;{}&#8221; button_bg_color__hover_enabled=&#8221;on|desktop&#8221; button_bg_color__hover=&#8221;#b2452a&#8221; button_bg_enable_color__hover=&#8221;on&#8221;][\/et_pb_button][et_pb_social_media_follow _builder_version=&#8221;4.27.0&#8243; _module_preset=&#8221;default&#8221; global_colors_info=&#8221;{}&#8221;][et_pb_social_media_follow_network social_network=&#8221;facebook&#8221; url=&#8221;https:\/\/www.facebook.com\/CollegeAprilFortier&#8221; use_icon_font_size=&#8221;on&#8221; icon_font_size=&#8221;20px&#8221; _builder_version=&#8221;4.27.0&#8243; _module_preset=&#8221;default&#8221; background_color=&#8221;#3b5998&#8243; global_colors_info=&#8221;{}&#8221; follow_button=&#8221;off&#8221; url_new_window=&#8221;on&#8221;]facebook[\/et_pb_social_media_follow_network][et_pb_social_media_follow_network social_network=&#8221;youtube&#8221; url=&#8221;https:\/\/www.youtube.com\/user\/CollegeAprilFortier&#8221; use_icon_font_size=&#8221;on&#8221; icon_font_size=&#8221;20px&#8221; _builder_version=&#8221;4.27.0&#8243; _module_preset=&#8221;default&#8221; background_color=&#8221;#c62e00&#8243; background_enable_color=&#8221;on&#8221; global_colors_info=&#8221;{}&#8221; follow_button=&#8221;off&#8221; url_new_window=&#8221;on&#8221;]youtube[\/et_pb_social_media_follow_network][\/et_pb_social_media_follow][\/et_pb_column][\/et_pb_row][et_pb_row _builder_version=&#8221;4.17.6&#8243; _module_preset=&#8221;default&#8221; custom_padding=&#8221;17px||1px||false|false&#8221; global_colors_info=&#8221;{}&#8221;][et_pb_column type=&#8221;4_4&#8243; _builder_version=&#8221;4.17.6&#8243; _module_preset=&#8221;default&#8221; global_colors_info=&#8221;{}&#8221;][et_pb_text _builder_version=&#8221;4.27.0&#8243; _dynamic_attributes=&#8221;content&#8221; _module_preset=&#8221;default&#8221; text_text_color=&#8221;#FFFFFF&#8221; text_font_size=&#8221;12px&#8221; text_orientation=&#8221;center&#8221; custom_margin=&#8221;0px||0px||true|false&#8221; custom_padding=&#8221;0px||0px||true|false&#8221; global_colors_info=&#8221;{}&#8221;]@ET-DC@eyJkeW5hbWljIjp0cnVlLCJjb250ZW50IjoiY3VycmVudF9kYXRlIiwic2V0dGluZ3MiOnsiYmVmb3JlIjoiQ29weXJpZ2h0ICZjb3B5OyAiLCJhZnRlciI6IiBDb2xsXHUwMGU4Z2UgQXByaWwtRm9ydGllci4gQWxsIHJpZ2h0cyByZXNlcnZlZC4iLCJkYXRlX2Zvcm1hdCI6ImN1c3RvbSIsImN1c3RvbV9kYXRlX2Zvcm1hdCI6IlkifX0=@[\/et_pb_text][\/et_pb_column][\/et_pb_row][\/et_pb_section]<\/p>\n","protected":false},"excerpt":{"rendered":"<p>Photos and videosVideo galleryDavid C\u00f4t\u00e9 Repr\u00e9sentant des ventes chez Vacances Air CanadaH\u00e9l\u00e8ne Corbin Conseill\u00e8re en voyages chez Club Voyages DumoulinJennifer Brousseau Agente de r\u00e9servation au d\u00e9partement Europe chez Thomas CookNicolas Th\u00e9riault Agent de r\u00e9servation aux groupes chez Vacances Air CanadaPhoto galleryColl\u00e8ge April-Fortier1001, rue Sherbrooke Est, bureau 350Montr\u00e9al, QCH2L 1L3 Phone number: 514 878-1414Toll free:1 888 [&hellip;]<\/p>\n","protected":false},"author":1,"featured_media":0,"parent":92,"menu_order":0,"comment_status":"closed","ping_status":"closed","template":"","meta":{"_et_pb_use_builder":"on","_et_pb_old_content":"","_et_gb_content_width":"","footnotes":""},"class_list":["post-447","page","type-page","status-publish","hentry"],"yoast_head":"<!-- This site is optimized with the Yoast SEO plugin v23.5 - https:\/\/yoast.com\/wordpress\/plugins\/seo\/ -->\n<title>Photos and videos - Coll\u00e8ge April-Fortier<\/title>\n<meta name=\"robots\" content=\"index, follow, max-snippet:-1, max-image-preview:large, max-video-preview:-1\" \/>\n<link rel=\"canonical\" href=\"https:\/\/april-fortier.com\/lecole-du-voyage\/photos-et-videos\/\" \/>\n<meta property=\"og:locale\" content=\"en_US\" \/>\n<meta property=\"og:type\" content=\"article\" \/>\n<meta property=\"og:title\" content=\"Photos and videos - Coll\u00e8ge April-Fortier\" \/>\n<meta property=\"og:description\" content=\"Photos and videosVideo galleryDavid C\u00f4t\u00e9 Repr\u00e9sentant des ventes chez Vacances Air CanadaH\u00e9l\u00e8ne Corbin Conseill\u00e8re en voyages chez Club Voyages DumoulinJennifer Brousseau Agente de r\u00e9servation au d\u00e9partement Europe chez Thomas CookNicolas Th\u00e9riault Agent de r\u00e9servation aux groupes chez Vacances Air CanadaPhoto galleryColl\u00e8ge April-Fortier1001, rue Sherbrooke Est, bureau 350Montr\u00e9al, QCH2L 1L3 Phone number: 514 878-1414Toll free:1 888 [&hellip;]\" \/>\n<meta property=\"og:url\" content=\"https:\/\/april-fortier.com\/lecole-du-voyage\/photos-et-videos\/\" \/>\n<meta property=\"og:site_name\" content=\"Coll\u00e8ge April-Fortier\" \/>\n<meta property=\"article:modified_time\" content=\"2025-03-06T22:42:08+00:00\" \/>\n<meta name=\"twitter:card\" content=\"summary_large_image\" \/>\n<meta name=\"twitter:label1\" content=\"Est. reading time\" \/>\n\t<meta name=\"twitter:data1\" content=\"7 minutes\" \/>\n<script type=\"application\/ld+json\" class=\"yoast-schema-graph\">{\"@context\":\"https:\/\/schema.org\",\"@graph\":[{\"@type\":\"WebPage\",\"@id\":\"https:\/\/april-fortier.com\/lecole-du-voyage\/photos-et-videos\/\",\"url\":\"https:\/\/april-fortier.com\/lecole-du-voyage\/photos-et-videos\/\",\"name\":\"Photos and videos - Coll\u00e8ge April-Fortier\",\"isPartOf\":{\"@id\":\"https:\/\/april-fortier.com\/#website\"},\"datePublished\":\"2022-12-14T03:17:31+00:00\",\"dateModified\":\"2025-03-06T22:42:08+00:00\",\"breadcrumb\":{\"@id\":\"https:\/\/april-fortier.com\/lecole-du-voyage\/photos-et-videos\/#breadcrumb\"},\"inLanguage\":\"en-US\",\"potentialAction\":[{\"@type\":\"ReadAction\",\"target\":[\"https:\/\/april-fortier.com\/lecole-du-voyage\/photos-et-videos\/\"]}]},{\"@type\":\"BreadcrumbList\",\"@id\":\"https:\/\/april-fortier.com\/lecole-du-voyage\/photos-et-videos\/#breadcrumb\",\"itemListElement\":[{\"@type\":\"ListItem\",\"position\":1,\"name\":\"Accueil\",\"item\":\"https:\/\/april-fortier.com\/en\/\"},{\"@type\":\"ListItem\",\"position\":2,\"name\":\"The travel school\",\"item\":\"https:\/\/april-fortier.com\/the-travel-school\/\"},{\"@type\":\"ListItem\",\"position\":3,\"name\":\"Photos and videos\"}]},{\"@type\":\"WebSite\",\"@id\":\"https:\/\/april-fortier.com\/#website\",\"url\":\"https:\/\/april-fortier.com\/\",\"name\":\"Coll\u00e8ge April-Fortier\",\"description\":\"Coll\u00e8ge April-Fortier\",\"potentialAction\":[{\"@type\":\"SearchAction\",\"target\":{\"@type\":\"EntryPoint\",\"urlTemplate\":\"https:\/\/april-fortier.com\/?s={search_term_string}\"},\"query-input\":{\"@type\":\"PropertyValueSpecification\",\"valueRequired\":true,\"valueName\":\"search_term_string\"}}],\"inLanguage\":\"en-US\"}]}<\/script>\n<!-- \/ Yoast SEO plugin. -->","yoast_head_json":{"title":"Photos and videos - Coll\u00e8ge April-Fortier","robots":{"index":"index","follow":"follow","max-snippet":"max-snippet:-1","max-image-preview":"max-image-preview:large","max-video-preview":"max-video-preview:-1"},"canonical":"https:\/\/april-fortier.com\/lecole-du-voyage\/photos-et-videos\/","og_locale":"en_US","og_type":"article","og_title":"Photos and videos - Coll\u00e8ge April-Fortier","og_description":"Photos and videosVideo galleryDavid C\u00f4t\u00e9 Repr\u00e9sentant des ventes chez Vacances Air CanadaH\u00e9l\u00e8ne Corbin Conseill\u00e8re en voyages chez Club Voyages DumoulinJennifer Brousseau Agente de r\u00e9servation au d\u00e9partement Europe chez Thomas CookNicolas Th\u00e9riault Agent de r\u00e9servation aux groupes chez Vacances Air CanadaPhoto galleryColl\u00e8ge April-Fortier1001, rue Sherbrooke Est, bureau 350Montr\u00e9al, QCH2L 1L3 Phone number: 514 878-1414Toll free:1 888 [&hellip;]","og_url":"https:\/\/april-fortier.com\/lecole-du-voyage\/photos-et-videos\/","og_site_name":"Coll\u00e8ge April-Fortier","article_modified_time":"2025-03-06T22:42:08+00:00","twitter_card":"summary_large_image","twitter_misc":{"Est. reading time":"7 minutes"},"schema":{"@context":"https:\/\/schema.org","@graph":[{"@type":"WebPage","@id":"https:\/\/april-fortier.com\/lecole-du-voyage\/photos-et-videos\/","url":"https:\/\/april-fortier.com\/lecole-du-voyage\/photos-et-videos\/","name":"Photos and videos - Coll\u00e8ge April-Fortier","isPartOf":{"@id":"https:\/\/april-fortier.com\/#website"},"datePublished":"2022-12-14T03:17:31+00:00","dateModified":"2025-03-06T22:42:08+00:00","breadcrumb":{"@id":"https:\/\/april-fortier.com\/lecole-du-voyage\/photos-et-videos\/#breadcrumb"},"inLanguage":"en-US","potentialAction":[{"@type":"ReadAction","target":["https:\/\/april-fortier.com\/lecole-du-voyage\/photos-et-videos\/"]}]},{"@type":"BreadcrumbList","@id":"https:\/\/april-fortier.com\/lecole-du-voyage\/photos-et-videos\/#breadcrumb","itemListElement":[{"@type":"ListItem","position":1,"name":"Accueil","item":"https:\/\/april-fortier.com\/en\/"},{"@type":"ListItem","position":2,"name":"The travel school","item":"https:\/\/april-fortier.com\/the-travel-school\/"},{"@type":"ListItem","position":3,"name":"Photos and videos"}]},{"@type":"WebSite","@id":"https:\/\/april-fortier.com\/#website","url":"https:\/\/april-fortier.com\/","name":"Coll\u00e8ge April-Fortier","description":"Coll\u00e8ge April-Fortier","potentialAction":[{"@type":"SearchAction","target":{"@type":"EntryPoint","urlTemplate":"https:\/\/april-fortier.com\/?s={search_term_string}"},"query-input":{"@type":"PropertyValueSpecification","valueRequired":true,"valueName":"search_term_string"}}],"inLanguage":"en-US"}]}},"_links":{"self":[{"href":"https:\/\/april-fortier.com\/en\/wp-json\/wp\/v2\/pages\/447"}],"collection":[{"href":"https:\/\/april-fortier.com\/en\/wp-json\/wp\/v2\/pages"}],"about":[{"href":"https:\/\/april-fortier.com\/en\/wp-json\/wp\/v2\/types\/page"}],"author":[{"embeddable":true,"href":"https:\/\/april-fortier.com\/en\/wp-json\/wp\/v2\/users\/1"}],"replies":[{"embeddable":true,"href":"https:\/\/april-fortier.com\/en\/wp-json\/wp\/v2\/comments?post=447"}],"version-history":[{"count":10,"href":"https:\/\/april-fortier.com\/en\/wp-json\/wp\/v2\/pages\/447\/revisions"}],"predecessor-version":[{"id":1924,"href":"https:\/\/april-fortier.com\/en\/wp-json\/wp\/v2\/pages\/447\/revisions\/1924"}],"up":[{"embeddable":true,"href":"https:\/\/april-fortier.com\/en\/wp-json\/wp\/v2\/pages\/92"}],"wp:attachment":[{"href":"https:\/\/april-fortier.com\/en\/wp-json\/wp\/v2\/media?parent=447"}],"curies":[{"name":"wp","href":"https:\/\/api.w.org\/{rel}","templated":true}]}}