{"id":434,"date":"2022-12-14T00:48:02","date_gmt":"2022-12-14T00:48:02","guid":{"rendered":"https:\/\/aprilfortier.ca\/?page_id=434"},"modified":"2025-03-06T22:40:47","modified_gmt":"2025-03-06T22:40:47","slug":"why-choose-college-april-fortier-leader-in-training-in-the-travel-industry","status":"publish","type":"page","link":"https:\/\/april-fortier.com\/en\/the-travel-school\/why-choose-college-april-fortier-leader-in-training-in-the-travel-industry\/","title":{"rendered":"Why choose college april fortier leader in training in the travel industry"},"content":{"rendered":"<p>[et_pb_section fb_built=&#8221;1&#8243; _builder_version=&#8221;4.17.6&#8243; _module_preset=&#8221;default&#8221; background_image=&#8221;https:\/\/aprilfortier.ca\/wp-content\/uploads\/2022\/12\/006_1920x7001.jpg&#8221; background_position=&#8221;bottom_center&#8221; background_vertical_offset=&#8221;0%&#8221; custom_margin=&#8221;||||false|false&#8221; custom_padding=&#8221;220px||100px||false|false&#8221; global_colors_info=&#8221;{}&#8221;][et_pb_row _builder_version=&#8221;4.17.6&#8243; _module_preset=&#8221;default&#8221; custom_margin=&#8221;||||false|false&#8221; custom_padding=&#8221;||||false|false&#8221; global_colors_info=&#8221;{}&#8221;][et_pb_column type=&#8221;4_4&#8243; _builder_version=&#8221;4.17.6&#8243; _module_preset=&#8221;default&#8221; global_colors_info=&#8221;{}&#8221;][et_pb_text _builder_version=&#8221;4.17.6&#8243; _module_preset=&#8221;default&#8221; header_2_font=&#8221;|700|||||||&#8221; header_2_text_align=&#8221;center&#8221; header_2_text_color=&#8221;#FFFFFF&#8221; header_2_font_size=&#8221;42px&#8221; custom_margin=&#8221;||||false|false&#8221; custom_padding=&#8221;||||false|false&#8221; global_colors_info=&#8221;{}&#8221;]<\/p>\n<h2>Why choose Coll\u00e8ge April Fortier<br \/>\n<\/h2>\n<p>[\/et_pb_text][\/et_pb_column][\/et_pb_row][\/et_pb_section][et_pb_section fb_built=&#8221;1&#8243; _builder_version=&#8221;4.17.6&#8243; _module_preset=&#8221;default&#8221; custom_padding=&#8221;10px||14px||false|false&#8221; global_colors_info=&#8221;{}&#8221;][et_pb_row _builder_version=&#8221;4.17.6&#8243; _module_preset=&#8221;default&#8221; custom_padding=&#8221;45px||8px|||&#8221; global_colors_info=&#8221;{}&#8221;][et_pb_column type=&#8221;4_4&#8243; _builder_version=&#8221;4.17.6&#8243; _module_preset=&#8221;default&#8221; global_colors_info=&#8221;{}&#8221;][et_pb_image src=&#8221;https:\/\/aprilfortier.ca\/wp-content\/uploads\/2022\/12\/cropped-logo-icon-white.png&#8221; title_text=&#8221;cropped-logo-icon-white.png&#8221; _builder_version=&#8221;4.17.6&#8243; _module_preset=&#8221;default&#8221; width=&#8221;10%&#8221; module_alignment=&#8221;center&#8221; global_colors_info=&#8221;{}&#8221;][\/et_pb_image][et_pb_text _builder_version=&#8221;4.17.6&#8243; _module_preset=&#8221;default&#8221; header_2_font=&#8221;|800|||||||&#8221; header_2_text_align=&#8221;center&#8221; header_2_text_color=&#8221;#093b7c&#8221; header_2_font_size=&#8221;40px&#8221; custom_padding=&#8221;10px||20px||false|false&#8221; global_colors_info=&#8221;{}&#8221;]<\/p>\n<h2>Many great reasons to choose Coll\u00e8ge April-Fortier<br \/>\n<\/h2>\n<p>[\/et_pb_text][et_pb_divider color=&#8221;RGBA(255,255,255,0)&#8221; divider_weight=&#8221;5px&#8221; _builder_version=&#8221;4.17.6&#8243; _module_preset=&#8221;default&#8221; background_color=&#8221;#f0b63d&#8221; width=&#8221;20%&#8221; module_alignment=&#8221;center&#8221; height=&#8221;10px&#8221; global_colors_info=&#8221;{}&#8221;][\/et_pb_divider][\/et_pb_column][\/et_pb_row][\/et_pb_section][et_pb_section fb_built=&#8221;1&#8243; _builder_version=&#8221;4.17.6&#8243; _module_preset=&#8221;default&#8221; custom_padding=&#8221;2px||50px|||&#8221; global_colors_info=&#8221;{}&#8221;][et_pb_row column_structure=&#8221;3_5,2_5&#8243; use_custom_gutter=&#8221;on&#8221; gutter_width=&#8221;2&#8243; make_equal=&#8221;on&#8221; _builder_version=&#8221;4.17.6&#8243; _module_preset=&#8221;default&#8221; width=&#8221;100%&#8221; custom_padding=&#8221;||||false|false&#8221; global_colors_info=&#8221;{}&#8221;][et_pb_column type=&#8221;3_5&#8243; _builder_version=&#8221;4.17.6&#8243; _module_preset=&#8221;default&#8221; global_colors_info=&#8221;{}&#8221;][et_pb_text _builder_version=&#8221;4.27.0&#8243; _module_preset=&#8221;default&#8221; text_font_size=&#8221;16px&#8221; header_2_font=&#8221;|700|||||||&#8221; header_2_text_color=&#8221;#093b7c&#8221; header_2_font_size=&#8221;24px&#8221; header_3_font=&#8221;|800|||||||&#8221; header_3_text_color=&#8221;#093b7c&#8221; header_3_font_size=&#8221;23px&#8221; global_colors_info=&#8221;{}&#8221;]<\/p>\n<div class=\"mk-text-block  true\">\n<div class=\"mk-text-block  true\">\n<h3>Exceptional student placement results<\/h3>\n<p>In 2017, Coll\u00e8ge April-Fortier has received to-date twice as many job offers from travel industry employers than we have graduates.\u00a0These employers regularly arrange recruitment days at the Coll\u00e8ge.<\/p>\n<p>&nbsp;<\/p>\n<h3>Personalized service<\/h3>\n<p>Coll\u00e8ge April-Fortier is a small institution, which allows us to offer a personalized service to our students. Here, everybody has a name. From the moment you contact, you weel feel right at home. We recommend you drop by the college to meet one of our admission counsellors and take the time required to answer all your questions.<\/p>\n<p>&nbsp;<\/p>\n<h3>A practical and intensive training program<\/h3>\n<p>After only six to twelve months of training, the students graduate with an Attestation of College Studies (AEC), and are very well prepared to join the workforce.<span>\u00a0<\/span>The courses<span>\u00a0<\/span>offered focus on the practical and thus respond favorably to the expectations of the employers in the travel industry.<\/p>\n<p>&nbsp;<\/p>\n<h3>Flexi-schedules<\/h3>\n<p>A new session begins almost monthly, thus allowing the student to select a schedule that\u2019s most suitable. For employers, this ensures a constant availability of new recruits. Classesare also available evenings and Saturdays, and should more flexibility be required, a made-to-measure schedule can be designed.<\/p>\n<\/div>\n<\/div>\n<p>[\/et_pb_text][\/et_pb_column][et_pb_column type=&#8221;2_5&#8243; _builder_version=&#8221;4.17.6&#8243; _module_preset=&#8221;default&#8221; background_enable_image=&#8221;off&#8221; custom_padding=&#8221;|0px||0px|false|false&#8221; global_colors_info=&#8221;{}&#8221;][et_pb_image src=&#8221;https:\/\/aprilfortier.ca\/wp-content\/uploads\/2022\/12\/PourquoiNousChoisir_iStock_000027087714.jpg&#8221; align=&#8221;right&#8221; _builder_version=&#8221;4.17.6&#8243; _module_preset=&#8221;default&#8221; global_colors_info=&#8221;{}&#8221;][\/et_pb_image][\/et_pb_column][\/et_pb_row][et_pb_row column_structure=&#8221;1_2,1_2&#8243; _builder_version=&#8221;4.17.6&#8243; _module_preset=&#8221;default&#8221; global_colors_info=&#8221;{}&#8221;][et_pb_column type=&#8221;1_2&#8243; _builder_version=&#8221;4.17.6&#8243; _module_preset=&#8221;default&#8221; global_colors_info=&#8221;{}&#8221;][et_pb_text _builder_version=&#8221;4.27.0&#8243; _module_preset=&#8221;default&#8221; text_font_size=&#8221;16px&#8221; header_2_font=&#8221;|700|||||||&#8221; header_2_text_color=&#8221;#093b7c&#8221; header_2_font_size=&#8221;24px&#8221; header_3_font=&#8221;|800|||||||&#8221; header_3_text_color=&#8221;#093b7c&#8221; header_3_font_size=&#8221;23px&#8221; global_colors_info=&#8221;{}&#8221;]<\/p>\n<h3>Personalized job placement assistance<\/h3>\n<p>The job placement assistance<span>\u00a0<\/span>available at Coll\u00e8ge April-Fortier is well appreciated both by employers and students. Employers can expect immediate results in finding the right candidate for the job, while students appreciate the opportunity to enter the workforce soon after graduating. Our placement coordinator, who also teaches at the Coll\u00e8ge, and is always active in the travel industry, knows first-hand the students as well as the major players in the industry. She can assist the student in finding the right fit by considering his or her preferences, personality, past experience, and strengths.<\/p>\n<p>This job placement service is available to all our graduates throughout their entire careers.<\/p>\n<p>&nbsp;<\/p>\n<h3>Training in tune with travel industry needs<\/h3>\n<p>The mission of Coll\u00e8ge April-Fortier has always been to develop professionals ready to respond to the needs of the travel industry. The course content is constantly evolving, and regular meetings with travel industry leaders ensures that its training remain dynamic and current.<\/p>\n<p>[\/et_pb_text][\/et_pb_column][et_pb_column type=&#8221;1_2&#8243; _builder_version=&#8221;4.17.6&#8243; _module_preset=&#8221;default&#8221; global_colors_info=&#8221;{}&#8221;][et_pb_text _builder_version=&#8221;4.27.0&#8243; _module_preset=&#8221;default&#8221; text_font_size=&#8221;16px&#8221; header_2_font=&#8221;|700|||||||&#8221; header_2_text_color=&#8221;#093b7c&#8221; header_2_font_size=&#8221;24px&#8221; header_3_font=&#8221;|800|||||||&#8221; header_3_text_color=&#8221;#093b7c&#8221; header_3_font_size=&#8221;23px&#8221; global_colors_info=&#8221;{}&#8221;]<\/p>\n<h3>Instructors actively involved in the industry<\/h3>\n<p>The expertise and enthusiasm of our<span>\u00a0<\/span>teaching staff<span>\u00a0<\/span>contributes highly to the quality education that is offered at Coll\u00e8ge April-Fortier. Our team of instructors come with many years of experience and are actively involved in the travel industry. In addition, guest lecturers are regularly invited to share their travel industry experience with our students.<\/p>\n<p>&nbsp;<\/p>\n<h3>Access to government sponsored financial aid programs<\/h3>\n<p>The program available at Coll\u00e8ge April-Fortier is recognized by the minist\u00e8re de l\u2019\u00c9ducation, de l\u2019Enseignement sup\u00e9rieur, et de la Recherche, and as a result, students are now eligible to obtain financial aid from the provincial government. Students attending evening and Saturday course are also eligible. Our admission counsellors can assist you in determining the amount of financial aid available to you and help in your request. Moreover, tax credits ranging from 15% to 25% of the tuition fees of the tourism course may be applied towards your income. (LCL.16)<\/p>\n<p>[\/et_pb_text][\/et_pb_column][\/et_pb_row][\/et_pb_section][et_pb_section fb_built=&#8221;1&#8243; _builder_version=&#8221;4.17.6&#8243; _module_preset=&#8221;default&#8221; use_background_color_gradient=&#8221;on&#8221; background_color_gradient_stops=&#8221;#093b7c 0%|#2c5890 100%&#8221; custom_padding=&#8221;||5px|||&#8221; global_module=&#8221;86&#8243; saved_tabs=&#8221;all&#8221; global_colors_info=&#8221;{}&#8221;][et_pb_row column_structure=&#8221;1_4,1_4,1_4,1_4&#8243; use_custom_gutter=&#8221;on&#8221; gutter_width=&#8221;2&#8243; _builder_version=&#8221;4.17.6&#8243; _module_preset=&#8221;default&#8221; custom_padding=&#8221;||0px|||&#8221; global_colors_info=&#8221;{}&#8221;][et_pb_column type=&#8221;1_4&#8243; _builder_version=&#8221;4.17.6&#8243; _module_preset=&#8221;default&#8221; global_colors_info=&#8221;{}&#8221;][et_pb_text _builder_version=&#8221;4.27.0&#8243; _module_preset=&#8221;default&#8221; text_text_color=&#8221;#FFFFFF&#8221; text_font_size=&#8221;13px&#8221; background_layout=&#8221;dark&#8221; global_colors_info=&#8221;{}&#8221;]<\/p>\n<p><strong>Coll\u00e8ge April-Fortier<\/strong><br \/>1001, rue Sherbrooke Est, bureau 350<br \/>Montr\u00e9al, QC<br \/>H2L 1L3<\/p>\n<p>Phone number: 514 878-1414<br \/>Toll free:1 888 878-1414<br \/>Fax number: 514 521-5298<\/p>\n<p><span style=\"color: #ffffff;\"><a style=\"color: #ffffff;\" href=\"mailto:info@april-fortier.com\" target=\"_blank\" rel=\"noopener\">info@april-fortier.com<\/a><\/span><\/p>\n<p>[\/et_pb_text][\/et_pb_column][et_pb_column type=&#8221;1_4&#8243; _builder_version=&#8221;4.17.6&#8243; _module_preset=&#8221;default&#8221; global_colors_info=&#8221;{}&#8221;][et_pb_text _builder_version=&#8221;4.27.0&#8243; _module_preset=&#8221;default&#8221; text_font=&#8221;|700|||||||&#8221; text_text_color=&#8221;#FFFFFF&#8221; text_line_height=&#8221;1em&#8221; background_layout=&#8221;dark&#8221; global_colors_info=&#8221;{}&#8221; text_text_color__hover_enabled=&#8221;on|desktop&#8221; text_text_color__hover=&#8221;#f1b310&#8243;]<span style=\"color: #ffffff;\"><a style=\"color: #ffffff;\" href=\"https:\/\/april-fortier.com\">Home<\/a><\/span><\/p>\n<p><a href=\"https:\/\/april-fortier.com\/the-travel-school\/\"><span style=\"color: #ffffff;\">The travel school<\/span><\/a><\/p>\n<p><a href=\"https:\/\/april-fortier.com\/travel-and-tourism-courses\/\"><span style=\"color: #ffffff;\">Programs<\/span><\/a><\/p>\n<p><a href=\"https:\/\/april-fortier.com\/registration-travel-and-tourism-program\/\"><span style=\"color: #ffffff;\">Registration<\/span><\/a><\/p>\n<p><a href=\"https:\/\/april-fortier.com\/graduates-and-students\/\"><span style=\"color: #ffffff;\">Graduates and students<\/span><\/a>[\/et_pb_text][\/et_pb_column][et_pb_column type=&#8221;1_4&#8243; _builder_version=&#8221;4.17.6&#8243; _module_preset=&#8221;default&#8221; global_colors_info=&#8221;{}&#8221;][et_pb_text _builder_version=&#8221;4.27.0&#8243; _module_preset=&#8221;default&#8221; text_font=&#8221;|700|||||||&#8221; text_line_height=&#8221;1em&#8221; background_layout=&#8221;dark&#8221; global_colors_info=&#8221;{}&#8221; text_text_color__hover_enabled=&#8221;on|desktop&#8221; text_text_color__hover=&#8221;#f1b310&#8243;]<\/p>\n<p><span style=\"color: #ffffff;\">Blog<br \/><\/span><\/p>\n<p><a href=\"https:\/\/april-fortier.com\/contact-us\/\"><span style=\"color: #ffffff;\">Contact us<\/span><\/a><\/p>\n<p><a href=\"https:\/\/april-fortier.com\/newsletter\/\"><span style=\"color: #ffffff;\">Newsletter<\/span><\/a><\/p>\n<p>[\/et_pb_text][\/et_pb_column][et_pb_column type=&#8221;1_4&#8243; _builder_version=&#8221;4.17.6&#8243; _module_preset=&#8221;default&#8221; global_colors_info=&#8221;{}&#8221;][et_pb_button button_text=&#8221;Share&#8221; _builder_version=&#8221;4.27.0&#8243; _module_preset=&#8221;default&#8221; custom_button=&#8221;on&#8221; button_text_size=&#8221;14px&#8221; button_bg_color=&#8221;#f0b63d&#8221; button_border_width=&#8221;0px&#8221; button_use_icon=&#8221;off&#8221; background_layout=&#8221;dark&#8221; custom_padding=&#8221;|55px||55px|false|false&#8221; global_colors_info=&#8221;{}&#8221; button_bg_color__hover_enabled=&#8221;on|desktop&#8221; button_bg_color__hover=&#8221;#d19c34&#8243; button_bg_enable_color__hover=&#8221;on&#8221;][\/et_pb_button][et_pb_button button_url=&#8221;@ET-DC@eyJkeW5hbWljIjp0cnVlLCJjb250ZW50IjoicG9zdF9saW5rX3VybF9wYWdlIiwic2V0dGluZ3MiOnsicG9zdF9pZCI6IjE0NTUifX0=@&#8221; button_text=&#8221;Newsletter&#8221; _builder_version=&#8221;4.27.0&#8243; _dynamic_attributes=&#8221;button_url&#8221; _module_preset=&#8221;default&#8221; custom_button=&#8221;on&#8221; button_text_size=&#8221;14px&#8221; button_bg_color=&#8221;#c64830&#8243; button_border_width=&#8221;0px&#8221; button_use_icon=&#8221;off&#8221; background_layout=&#8221;dark&#8221; custom_padding=&#8221;|40px||40px|false|true&#8221; global_colors_info=&#8221;{}&#8221; button_bg_color__hover_enabled=&#8221;on|desktop&#8221; button_bg_color__hover=&#8221;#b2452a&#8221; button_bg_enable_color__hover=&#8221;on&#8221;][\/et_pb_button][et_pb_social_media_follow _builder_version=&#8221;4.27.0&#8243; _module_preset=&#8221;default&#8221; global_colors_info=&#8221;{}&#8221;][et_pb_social_media_follow_network social_network=&#8221;facebook&#8221; url=&#8221;https:\/\/www.facebook.com\/CollegeAprilFortier&#8221; use_icon_font_size=&#8221;on&#8221; icon_font_size=&#8221;20px&#8221; _builder_version=&#8221;4.27.0&#8243; _module_preset=&#8221;default&#8221; background_color=&#8221;#3b5998&#8243; global_colors_info=&#8221;{}&#8221; follow_button=&#8221;off&#8221; url_new_window=&#8221;on&#8221;]facebook[\/et_pb_social_media_follow_network][et_pb_social_media_follow_network social_network=&#8221;youtube&#8221; url=&#8221;https:\/\/www.youtube.com\/user\/CollegeAprilFortier&#8221; use_icon_font_size=&#8221;on&#8221; icon_font_size=&#8221;20px&#8221; _builder_version=&#8221;4.27.0&#8243; _module_preset=&#8221;default&#8221; background_color=&#8221;#c62e00&#8243; background_enable_color=&#8221;on&#8221; global_colors_info=&#8221;{}&#8221; follow_button=&#8221;off&#8221; url_new_window=&#8221;on&#8221;]youtube[\/et_pb_social_media_follow_network][\/et_pb_social_media_follow][\/et_pb_column][\/et_pb_row][et_pb_row _builder_version=&#8221;4.17.6&#8243; _module_preset=&#8221;default&#8221; custom_padding=&#8221;17px||1px||false|false&#8221; global_colors_info=&#8221;{}&#8221;][et_pb_column type=&#8221;4_4&#8243; _builder_version=&#8221;4.17.6&#8243; _module_preset=&#8221;default&#8221; global_colors_info=&#8221;{}&#8221;][et_pb_text _builder_version=&#8221;4.27.0&#8243; _dynamic_attributes=&#8221;content&#8221; _module_preset=&#8221;default&#8221; text_text_color=&#8221;#FFFFFF&#8221; text_font_size=&#8221;12px&#8221; text_orientation=&#8221;center&#8221; custom_margin=&#8221;0px||0px||true|false&#8221; custom_padding=&#8221;0px||0px||true|false&#8221; global_colors_info=&#8221;{}&#8221;]@ET-DC@eyJkeW5hbWljIjp0cnVlLCJjb250ZW50IjoiY3VycmVudF9kYXRlIiwic2V0dGluZ3MiOnsiYmVmb3JlIjoiQ29weXJpZ2h0ICZjb3B5OyAiLCJhZnRlciI6IiBDb2xsXHUwMGU4Z2UgQXByaWwtRm9ydGllci4gQWxsIHJpZ2h0cyByZXNlcnZlZC4iLCJkYXRlX2Zvcm1hdCI6ImN1c3RvbSIsImN1c3RvbV9kYXRlX2Zvcm1hdCI6IlkifX0=@[\/et_pb_text][\/et_pb_column][\/et_pb_row][\/et_pb_section]<\/p>\n","protected":false},"excerpt":{"rendered":"<p>Why choose Coll\u00e8ge April Fortier Many great reasons to choose Coll\u00e8ge April-Fortier Exceptional student placement results In 2017, Coll\u00e8ge April-Fortier has received to-date twice as many job offers from travel industry employers than we have graduates.\u00a0These employers regularly arrange recruitment days at the Coll\u00e8ge. &nbsp; Personalized service Coll\u00e8ge April-Fortier is a small institution, which allows [&hellip;]<\/p>\n","protected":false},"author":1,"featured_media":0,"parent":92,"menu_order":0,"comment_status":"closed","ping_status":"closed","template":"","meta":{"_et_pb_use_builder":"on","_et_pb_old_content":"","_et_gb_content_width":"","footnotes":""},"class_list":["post-434","page","type-page","status-publish","hentry"],"yoast_head":"<!-- This site is optimized with the Yoast SEO plugin v23.5 - https:\/\/yoast.com\/wordpress\/plugins\/seo\/ -->\n<title>Why choose college april fortier leader in training in the travel industry - Coll\u00e8ge April-Fortier<\/title>\n<meta name=\"robots\" content=\"index, follow, max-snippet:-1, max-image-preview:large, max-video-preview:-1\" \/>\n<link rel=\"canonical\" href=\"https:\/\/april-fortier.com\/en\/the-travel-school\/why-choose-college-april-fortier-leader-in-training-in-the-travel-industry\/\" \/>\n<meta property=\"og:locale\" content=\"en_US\" \/>\n<meta property=\"og:type\" content=\"article\" \/>\n<meta property=\"og:title\" content=\"Why choose college april fortier leader in training in the travel industry - Coll\u00e8ge April-Fortier\" \/>\n<meta property=\"og:description\" content=\"Why choose Coll\u00e8ge April Fortier Many great reasons to choose Coll\u00e8ge April-Fortier Exceptional student placement results In 2017, Coll\u00e8ge April-Fortier has received to-date twice as many job offers from travel industry employers than we have graduates.\u00a0These employers regularly arrange recruitment days at the Coll\u00e8ge. &nbsp; Personalized service Coll\u00e8ge April-Fortier is a small institution, which allows [&hellip;]\" \/>\n<meta property=\"og:url\" content=\"https:\/\/april-fortier.com\/en\/the-travel-school\/why-choose-college-april-fortier-leader-in-training-in-the-travel-industry\/\" \/>\n<meta property=\"og:site_name\" content=\"Coll\u00e8ge April-Fortier\" \/>\n<meta property=\"article:modified_time\" content=\"2025-03-06T22:40:47+00:00\" \/>\n<meta name=\"twitter:card\" content=\"summary_large_image\" \/>\n<meta name=\"twitter:label1\" content=\"Est. reading time\" \/>\n\t<meta name=\"twitter:data1\" content=\"9 minutes\" \/>\n<script type=\"application\/ld+json\" class=\"yoast-schema-graph\">{\"@context\":\"https:\/\/schema.org\",\"@graph\":[{\"@type\":\"WebPage\",\"@id\":\"https:\/\/april-fortier.com\/en\/the-travel-school\/why-choose-college-april-fortier-leader-in-training-in-the-travel-industry\/\",\"url\":\"https:\/\/april-fortier.com\/en\/the-travel-school\/why-choose-college-april-fortier-leader-in-training-in-the-travel-industry\/\",\"name\":\"Why choose college april fortier leader in training in the travel industry - Coll\u00e8ge April-Fortier\",\"isPartOf\":{\"@id\":\"https:\/\/april-fortier.com\/#website\"},\"datePublished\":\"2022-12-14T00:48:02+00:00\",\"dateModified\":\"2025-03-06T22:40:47+00:00\",\"breadcrumb\":{\"@id\":\"https:\/\/april-fortier.com\/en\/the-travel-school\/why-choose-college-april-fortier-leader-in-training-in-the-travel-industry\/#breadcrumb\"},\"inLanguage\":\"en-US\",\"potentialAction\":[{\"@type\":\"ReadAction\",\"target\":[\"https:\/\/april-fortier.com\/en\/the-travel-school\/why-choose-college-april-fortier-leader-in-training-in-the-travel-industry\/\"]}]},{\"@type\":\"BreadcrumbList\",\"@id\":\"https:\/\/april-fortier.com\/en\/the-travel-school\/why-choose-college-april-fortier-leader-in-training-in-the-travel-industry\/#breadcrumb\",\"itemListElement\":[{\"@type\":\"ListItem\",\"position\":1,\"name\":\"Accueil\",\"item\":\"https:\/\/april-fortier.com\/en\/\"},{\"@type\":\"ListItem\",\"position\":2,\"name\":\"The travel school\",\"item\":\"https:\/\/april-fortier.com\/the-travel-school\/\"},{\"@type\":\"ListItem\",\"position\":3,\"name\":\"Why choose college april fortier leader in training in the travel industry\"}]},{\"@type\":\"WebSite\",\"@id\":\"https:\/\/april-fortier.com\/#website\",\"url\":\"https:\/\/april-fortier.com\/\",\"name\":\"Coll\u00e8ge April-Fortier\",\"description\":\"Coll\u00e8ge April-Fortier\",\"potentialAction\":[{\"@type\":\"SearchAction\",\"target\":{\"@type\":\"EntryPoint\",\"urlTemplate\":\"https:\/\/april-fortier.com\/?s={search_term_string}\"},\"query-input\":{\"@type\":\"PropertyValueSpecification\",\"valueRequired\":true,\"valueName\":\"search_term_string\"}}],\"inLanguage\":\"en-US\"}]}<\/script>\n<!-- \/ Yoast SEO plugin. -->","yoast_head_json":{"title":"Why choose college april fortier leader in training in the travel industry - Coll\u00e8ge April-Fortier","robots":{"index":"index","follow":"follow","max-snippet":"max-snippet:-1","max-image-preview":"max-image-preview:large","max-video-preview":"max-video-preview:-1"},"canonical":"https:\/\/april-fortier.com\/en\/the-travel-school\/why-choose-college-april-fortier-leader-in-training-in-the-travel-industry\/","og_locale":"en_US","og_type":"article","og_title":"Why choose college april fortier leader in training in the travel industry - Coll\u00e8ge April-Fortier","og_description":"Why choose Coll\u00e8ge April Fortier Many great reasons to choose Coll\u00e8ge April-Fortier Exceptional student placement results In 2017, Coll\u00e8ge April-Fortier has received to-date twice as many job offers from travel industry employers than we have graduates.\u00a0These employers regularly arrange recruitment days at the Coll\u00e8ge. &nbsp; Personalized service Coll\u00e8ge April-Fortier is a small institution, which allows [&hellip;]","og_url":"https:\/\/april-fortier.com\/en\/the-travel-school\/why-choose-college-april-fortier-leader-in-training-in-the-travel-industry\/","og_site_name":"Coll\u00e8ge April-Fortier","article_modified_time":"2025-03-06T22:40:47+00:00","twitter_card":"summary_large_image","twitter_misc":{"Est. reading time":"9 minutes"},"schema":{"@context":"https:\/\/schema.org","@graph":[{"@type":"WebPage","@id":"https:\/\/april-fortier.com\/en\/the-travel-school\/why-choose-college-april-fortier-leader-in-training-in-the-travel-industry\/","url":"https:\/\/april-fortier.com\/en\/the-travel-school\/why-choose-college-april-fortier-leader-in-training-in-the-travel-industry\/","name":"Why choose college april fortier leader in training in the travel industry - Coll\u00e8ge April-Fortier","isPartOf":{"@id":"https:\/\/april-fortier.com\/#website"},"datePublished":"2022-12-14T00:48:02+00:00","dateModified":"2025-03-06T22:40:47+00:00","breadcrumb":{"@id":"https:\/\/april-fortier.com\/en\/the-travel-school\/why-choose-college-april-fortier-leader-in-training-in-the-travel-industry\/#breadcrumb"},"inLanguage":"en-US","potentialAction":[{"@type":"ReadAction","target":["https:\/\/april-fortier.com\/en\/the-travel-school\/why-choose-college-april-fortier-leader-in-training-in-the-travel-industry\/"]}]},{"@type":"BreadcrumbList","@id":"https:\/\/april-fortier.com\/en\/the-travel-school\/why-choose-college-april-fortier-leader-in-training-in-the-travel-industry\/#breadcrumb","itemListElement":[{"@type":"ListItem","position":1,"name":"Accueil","item":"https:\/\/april-fortier.com\/en\/"},{"@type":"ListItem","position":2,"name":"The travel school","item":"https:\/\/april-fortier.com\/the-travel-school\/"},{"@type":"ListItem","position":3,"name":"Why choose college april fortier leader in training in the travel industry"}]},{"@type":"WebSite","@id":"https:\/\/april-fortier.com\/#website","url":"https:\/\/april-fortier.com\/","name":"Coll\u00e8ge April-Fortier","description":"Coll\u00e8ge April-Fortier","potentialAction":[{"@type":"SearchAction","target":{"@type":"EntryPoint","urlTemplate":"https:\/\/april-fortier.com\/?s={search_term_string}"},"query-input":{"@type":"PropertyValueSpecification","valueRequired":true,"valueName":"search_term_string"}}],"inLanguage":"en-US"}]}},"_links":{"self":[{"href":"https:\/\/april-fortier.com\/en\/wp-json\/wp\/v2\/pages\/434"}],"collection":[{"href":"https:\/\/april-fortier.com\/en\/wp-json\/wp\/v2\/pages"}],"about":[{"href":"https:\/\/april-fortier.com\/en\/wp-json\/wp\/v2\/types\/page"}],"author":[{"embeddable":true,"href":"https:\/\/april-fortier.com\/en\/wp-json\/wp\/v2\/users\/1"}],"replies":[{"embeddable":true,"href":"https:\/\/april-fortier.com\/en\/wp-json\/wp\/v2\/comments?post=434"}],"version-history":[{"count":9,"href":"https:\/\/april-fortier.com\/en\/wp-json\/wp\/v2\/pages\/434\/revisions"}],"predecessor-version":[{"id":1922,"href":"https:\/\/april-fortier.com\/en\/wp-json\/wp\/v2\/pages\/434\/revisions\/1922"}],"up":[{"embeddable":true,"href":"https:\/\/april-fortier.com\/en\/wp-json\/wp\/v2\/pages\/92"}],"wp:attachment":[{"href":"https:\/\/april-fortier.com\/en\/wp-json\/wp\/v2\/media?parent=434"}],"curies":[{"name":"wp","href":"https:\/\/api.w.org\/{rel}","templated":true}]}}